{"id":116005,"date":"2019-05-02T11:57:03","date_gmt":"2019-05-02T15:57:03","guid":{"rendered":"https:\/\/hotpink-leopard-711048.hostingersite.com\/?page_id=116005"},"modified":"2022-11-18T15:52:15","modified_gmt":"2022-11-18T20:52:15","slug":"supply-chain-management","status":"publish","type":"page","link":"https:\/\/oberallc.com\/es\/what-we-do\/supply-chain-management\/","title":{"rendered":"Gesti\u00f3n de la Cadena de Suministros"},"content":{"rendered":"<div data-elementor-type=\"wp-page\" data-elementor-id=\"116005\" class=\"elementor elementor-116005\" data-elementor-post-type=\"page\">\n\t\t\t\t\t\t<section class=\"elementor-section elementor-top-section elementor-element elementor-element-205051f elementor-section-height-min-height elementor-section-boxed elementor-section-height-default elementor-section-items-middle\" data-id=\"205051f\" data-element_type=\"section\" data-e-type=\"section\" data-settings=\"{&quot;jet_parallax_layout_list&quot;:[],&quot;background_background&quot;:&quot;classic&quot;}\">\n\t\t\t\t\t\t\t<div class=\"elementor-background-overlay\"><\/div>\n\t\t\t\t\t\t\t<div class=\"elementor-container elementor-column-gap-no\">\n\t\t\t\t\t<div class=\"elementor-column elementor-col-100 elementor-top-column elementor-element elementor-element-978d4fa\" data-id=\"978d4fa\" data-element_type=\"column\" data-e-type=\"column\">\n\t\t\t<div class=\"elementor-widget-wrap elementor-element-populated\">\n\t\t\t\t\t\t\t<\/div>\n\t\t<\/div>\n\t\t\t\t\t<\/div>\n\t\t<\/section>\n\t\t\t\t<section class=\"elementor-section elementor-top-section elementor-element elementor-element-240f8d8b elementor-section-boxed elementor-section-height-default elementor-section-height-default\" data-id=\"240f8d8b\" data-element_type=\"section\" data-e-type=\"section\" data-settings=\"{&quot;jet_parallax_layout_list&quot;:[]}\">\n\t\t\t\t\t\t<div class=\"elementor-container elementor-column-gap-no\">\n\t\t\t\t\t<div class=\"elementor-column elementor-col-100 elementor-top-column elementor-element elementor-element-1bc3440d\" data-id=\"1bc3440d\" data-element_type=\"column\" data-e-type=\"column\">\n\t\t\t<div class=\"elementor-widget-wrap elementor-element-populated\">\n\t\t\t\t\t\t<div class=\"elementor-element elementor-element-094cd50 elementor-widget__width-initial elementor-widget-tablet__width-inherit elementor-widget elementor-widget-text-editor\" data-id=\"094cd50\" data-element_type=\"widget\" data-e-type=\"widget\" data-widget_type=\"text-editor.default\">\n\t\t\t\t<div class=\"elementor-widget-container\">\n\t\t\t\t\t\t\t\t\t<p>Obera obtiene y entrega un cat\u00e1logo diverso de equipos y materiales para satisfacer las exigentes necesidades operativas en todo el mundo.<\/p>\t\t\t\t\t\t\t\t<\/div>\n\t\t\t\t<\/div>\n\t\t\t\t<div class=\"elementor-element elementor-element-c3a2d13 elementor-widget elementor-widget-heading\" data-id=\"c3a2d13\" data-element_type=\"widget\" data-e-type=\"widget\" data-widget_type=\"heading.default\">\n\t\t\t\t<div class=\"elementor-widget-container\">\n\t\t\t\t\t<h2 class=\"elementor-heading-title elementor-size-default\">Nuestros Productos est\u00e1n<\/h2>\t\t\t\t<\/div>\n\t\t\t\t<\/div>\n\t\t\t\t<div class=\"elementor-element elementor-element-b48c5ec elementor-widget-divider--view-line elementor-widget elementor-widget-divider\" data-id=\"b48c5ec\" data-element_type=\"widget\" data-e-type=\"widget\" data-widget_type=\"divider.default\">\n\t\t\t\t<div class=\"elementor-widget-container\">\n\t\t\t\t\t\t\t<div class=\"elementor-divider\">\n\t\t\t<span class=\"elementor-divider-separator\">\n\t\t\t\t\t\t<\/span>\n\t\t<\/div>\n\t\t\t\t\t\t<\/div>\n\t\t\t\t<\/div>\n\t\t\t\t<div class=\"elementor-element elementor-element-36e37d0 elementor-widget elementor-widget-text-editor\" data-id=\"36e37d0\" data-element_type=\"widget\" data-e-type=\"widget\" data-widget_type=\"text-editor.default\">\n\t\t\t\t<div class=\"elementor-widget-container\">\n\t\t\t\t\t\t\t\t\t<ul><li>Ubicados para un rendimiento \u00f3ptimo y sostenibilidad en lugares remotos y austeros.<\/li><li>Espec\u00edficamente, preparado y documentado para su env\u00edo a destinos CONUS y OCONUS.<\/li><li>Cumple con las regulaciones de exportaci\u00f3n e importaci\u00f3n de los Estados Unidos y las naciones asociadas<\/li><li>Los servicios de entrega, instalaci\u00f3n, capacitaci\u00f3n y mantenimiento de Ultima Milla est\u00e1n disponibles<\/li><li>Enmienda Berry cuando sea necesario<\/li><li>Aliados de abastecimiento para CONUS y OCONUS<\/li><\/ul>\t\t\t\t\t\t\t\t<\/div>\n\t\t\t\t<\/div>\n\t\t\t\t<div class=\"elementor-element elementor-element-2884aa5 elementor-widget elementor-widget-heading\" data-id=\"2884aa5\" data-element_type=\"widget\" data-e-type=\"widget\" data-widget_type=\"heading.default\">\n\t\t\t\t<div class=\"elementor-widget-container\">\n\t\t\t\t\t<h2 class=\"elementor-heading-title elementor-size-default\">Obera tambi\u00e9n se especializa en el abastecimiento, adquisici\u00f3n y entrega de:<\/h2>\t\t\t\t<\/div>\n\t\t\t\t<\/div>\n\t\t\t\t<div class=\"elementor-element elementor-element-37fea33 elementor-widget-divider--view-line elementor-widget elementor-widget-divider\" data-id=\"37fea33\" data-element_type=\"widget\" data-e-type=\"widget\" data-widget_type=\"divider.default\">\n\t\t\t\t<div class=\"elementor-widget-container\">\n\t\t\t\t\t\t\t<div class=\"elementor-divider\">\n\t\t\t<span class=\"elementor-divider-separator\">\n\t\t\t\t\t\t<\/span>\n\t\t<\/div>\n\t\t\t\t\t\t<\/div>\n\t\t\t\t<\/div>\n\t\t\t\t<div class=\"elementor-element elementor-element-d8b79b0 elementor-widget elementor-widget-text-editor\" data-id=\"d8b79b0\" data-element_type=\"widget\" data-e-type=\"widget\" data-widget_type=\"text-editor.default\">\n\t\t\t\t<div class=\"elementor-widget-container\">\n\t\t\t\t\t\t\t\t\t<ul><li>Equipos de Comunicaciones y Accesorios<\/li><li>Veh\u00edculos incluyendo no t\u00e1cticos, t\u00e1cticos, servicios especiales y de todo terreno<\/li><li>Equipos T\u00e1cticos y PPE<\/li><li>Hardware y Software de Tecnolog\u00edas de Informaci\u00f3n<\/li><li>Materiales Basicos de Apoyo<\/li><li>Repuestos OEM (desde componentes electr\u00f3nicos peque\u00f1os hasta inventario de veh\u00edculos)<\/li><li>Materiales de Construcci\u00f3n y Herramientas<\/li><li>Equipos de Detecci\u00f3n (Narc\u00f3ticos, CBRNE)<\/li><li>Producci\u00f3n de Agua<\/li><li>Producci\u00f3n de Energ\u00eda (Solar\/Viento\/Generador)<\/li><li>Alojamientos Temporales, Apoyo y Operaci\u00f3n de Instalaciones<\/li><li>Soluciones de Gestion de Registros<\/li><\/ul>\t\t\t\t\t\t\t\t<\/div>\n\t\t\t\t<\/div>\n\t\t\t\t\t<\/div>\n\t\t<\/div>\n\t\t\t\t\t<\/div>\n\t\t<\/section>\n\t\t\t\t<section class=\"elementor-section elementor-top-section elementor-element elementor-element-7b0ed7ba elementor-section-boxed elementor-section-height-default elementor-section-height-default\" data-id=\"7b0ed7ba\" data-element_type=\"section\" data-e-type=\"section\" data-settings=\"{&quot;jet_parallax_layout_list&quot;:[],&quot;background_background&quot;:&quot;classic&quot;,&quot;shape_divider_top&quot;:&quot;triangle&quot;}\">\n\t\t\t\t\t\t\t<div class=\"elementor-background-overlay\"><\/div>\n\t\t\t\t\t\t<div class=\"elementor-shape elementor-shape-top\" aria-hidden=\"true\" data-negative=\"false\">\n\t\t\t<svg xmlns=\"http:\/\/www.w3.org\/2000\/svg\" viewbox=\"0 0 1000 100\" preserveaspectratio=\"none\">\n\t<path class=\"elementor-shape-fill\" d=\"M500,98.9L0,6.1V0h1000v6.1L500,98.9z\"\/>\n<\/svg>\t\t<\/div>\n\t\t\t\t\t<div class=\"elementor-container elementor-column-gap-no\">\n\t\t\t\t\t<div class=\"elementor-column elementor-col-100 elementor-top-column elementor-element elementor-element-642c854a\" data-id=\"642c854a\" data-element_type=\"column\" data-e-type=\"column\">\n\t\t\t<div class=\"elementor-widget-wrap elementor-element-populated\">\n\t\t\t\t\t\t<div class=\"elementor-element elementor-element-335866cd elementor-widget elementor-widget-heading\" data-id=\"335866cd\" data-element_type=\"widget\" data-e-type=\"widget\" data-widget_type=\"heading.default\">\n\t\t\t\t<div class=\"elementor-widget-container\">\n\t\t\t\t\t<h2 class=\"elementor-heading-title elementor-size-default\">ANTERIORES DESEMPE\u00d1OS<\/h2>\t\t\t\t<\/div>\n\t\t\t\t<\/div>\n\t\t\t\t<div class=\"elementor-element elementor-element-1e56abc6 elementor-widget-divider--view-line elementor-widget elementor-widget-divider\" data-id=\"1e56abc6\" data-element_type=\"widget\" data-e-type=\"widget\" data-widget_type=\"divider.default\">\n\t\t\t\t<div class=\"elementor-widget-container\">\n\t\t\t\t\t\t\t<div class=\"elementor-divider\">\n\t\t\t<span class=\"elementor-divider-separator\">\n\t\t\t\t\t\t<\/span>\n\t\t<\/div>\n\t\t\t\t\t\t<\/div>\n\t\t\t\t<\/div>\n\t\t\t\t<div class=\"elementor-element elementor-element-771016e5 elementor-widget elementor-widget-text-editor\" data-id=\"771016e5\" data-element_type=\"widget\" data-e-type=\"widget\" data-widget_type=\"text-editor.default\">\n\t\t\t\t<div class=\"elementor-widget-container\">\n\t\t\t\t\t\t\t\t\t<ul><li>Servicios 4PL mejorados para equipos proporcionados por el gobierno \u2013 Tayikist\u00e1n<\/li><li>Equipo de tecnolog\u00eda de informaci\u00f3n AFRICOM \u2013 Kenia, Senegal, Ghana, Tanzania<\/li><li>SOUTHCOM Equipos de tecnolog\u00eda de la informaci\u00f3n \u2013 Guatemala<\/li><li>Equipo auxiliar (TCU y Shurabad) \u2013 Tayikist\u00e1n<\/li><li>Equipo de apoyo antinarc\u00f3ticos \u2013 Colombia<\/li><li>Apoyo Biom\u00e9trico del departamento de Estado \u2013 M\u00e9xico<\/li><li>Centro de mantenimiento Radio Repuestos \u2013 Tayikist\u00e1n<\/li><li>Sistemas de aeronaves no tripuladas \u2013 Kenia<\/li><li>Equipo de apoyo antinarc\u00f3ticos \u2013 Colombia<\/li><li>Equipo de apoyo antinarc\u00f3ticos \u2013 Colombia<\/li><li>Equipo de Apoyo de Entrenamiento Antinarc\u00f3ticos y de Aplicaci\u00f3n de la Ley de USAFRICOM \u2013 Nigeria<\/li><li>Servicios de log\u00edstica de equipos de comunicaciones de Verizon \u2013 Centroam\u00e9rica<\/li><\/ul>\t\t\t\t\t\t\t\t<\/div>\n\t\t\t\t<\/div>\n\t\t\t\t<div class=\"elementor-element elementor-element-a01d0cb elementor-widget elementor-widget-spacer\" data-id=\"a01d0cb\" data-element_type=\"widget\" data-e-type=\"widget\" data-widget_type=\"spacer.default\">\n\t\t\t\t<div class=\"elementor-widget-container\">\n\t\t\t\t\t\t\t<div class=\"elementor-spacer\">\n\t\t\t<div class=\"elementor-spacer-inner\"><\/div>\n\t\t<\/div>\n\t\t\t\t\t\t<\/div>\n\t\t\t\t<\/div>\n\t\t\t\t<div class=\"elementor-element elementor-element-89db954 elementor-widget__width-initial elementor-hidden-desktop elementor-hidden-tablet elementor-hidden-mobile elementor-widget elementor-widget-button\" data-id=\"89db954\" data-element_type=\"widget\" data-e-type=\"widget\" data-widget_type=\"button.default\">\n\t\t\t\t<div class=\"elementor-widget-container\">\n\t\t\t\t\t\t\t\t\t<div class=\"elementor-button-wrapper\">\n\t\t\t\t\t<a class=\"elementor-button elementor-button-link elementor-size-sm\" href=\"#\">\n\t\t\t\t\t\t<span class=\"elementor-button-content-wrapper\">\n\t\t\t\t\t\t\t\t\t<span class=\"elementor-button-text\">Click here<\/span>\n\t\t\t\t\t<\/span>\n\t\t\t\t\t<\/a>\n\t\t\t\t<\/div>\n\t\t\t\t\t\t\t\t<\/div>\n\t\t\t\t<\/div>\n\t\t\t\t<div class=\"elementor-element elementor-element-57d488ca elementor-widget__width-initial elementor-hidden-desktop elementor-hidden-tablet elementor-hidden-mobile elementor-widget elementor-widget-button\" data-id=\"57d488ca\" data-element_type=\"widget\" data-e-type=\"widget\" data-widget_type=\"button.default\">\n\t\t\t\t<div class=\"elementor-widget-container\">\n\t\t\t\t\t\t\t\t\t<div class=\"elementor-button-wrapper\">\n\t\t\t\t\t<a class=\"elementor-button elementor-button-link elementor-size-sm\" href=\"#\">\n\t\t\t\t\t\t<span class=\"elementor-button-content-wrapper\">\n\t\t\t\t\t\t\t\t\t<span class=\"elementor-button-text\">Click here<\/span>\n\t\t\t\t\t<\/span>\n\t\t\t\t\t<\/a>\n\t\t\t\t<\/div>\n\t\t\t\t\t\t\t\t<\/div>\n\t\t\t\t<\/div>\n\t\t\t\t\t<\/div>\n\t\t<\/div>\n\t\t\t\t\t<\/div>\n\t\t<\/section>\n\t\t\t\t<\/div>","protected":false},"excerpt":{"rendered":"<p>Obera sources and delivers a diverse catalog of equipment and material to meet demanding operational needs around the globe. Our products are Sourced for optimal performance and sustainability in remote or austere locations. Specifically, prepared and documented for shipment to CONUS and OCONUS destinations. Compliant with US and Partner Nation Export and Import Regulations Last [&hellip;]<\/p>","protected":false},"author":16,"featured_media":116374,"parent":118191,"menu_order":0,"comment_status":"closed","ping_status":"closed","template":"","meta":{"_monsterinsights_skip_tracking":false,"_monsterinsights_sitenote_active":false,"_monsterinsights_sitenote_note":"","_monsterinsights_sitenote_category":0,"site-sidebar-layout":"default","site-content-layout":"default","ast-site-content-layout":"default","site-content-style":"default","site-sidebar-style":"default","ast-global-header-display":"","ast-banner-title-visibility":"","ast-main-header-display":"","ast-hfb-above-header-display":"","ast-hfb-below-header-display":"","ast-hfb-mobile-header-display":"","site-post-title":"","ast-breadcrumbs-content":"","ast-featured-img":"","footer-sml-layout":"","ast-disable-related-posts":"","theme-transparent-header-meta":"default","adv-header-id-meta":null,"stick-header-meta":"default","header-above-stick-meta":"","header-main-stick-meta":"","header-below-stick-meta":"","astra-migrate-meta-layouts":"default","ast-page-background-enabled":"default","ast-page-background-meta":{"desktop":{"background-color":"var(--ast-global-color-4)","background-image":"","background-repeat":"repeat","background-position":"center center","background-size":"auto","background-attachment":"scroll","background-type":"","background-media":"","overlay-type":"","overlay-color":"","overlay-opacity":"","overlay-gradient":""},"tablet":{"background-color":"","background-image":"","background-repeat":"repeat","background-position":"center center","background-size":"auto","background-attachment":"scroll","background-type":"","background-media":"","overlay-type":"","overlay-color":"","overlay-opacity":"","overlay-gradient":""},"mobile":{"background-color":"","background-image":"","background-repeat":"repeat","background-position":"center center","background-size":"auto","background-attachment":"scroll","background-type":"","background-media":"","overlay-type":"","overlay-color":"","overlay-opacity":"","overlay-gradient":""}},"ast-content-background-meta":{"desktop":{"background-color":"var(--ast-global-color-5)","background-image":"","background-repeat":"repeat","background-position":"center center","background-size":"auto","background-attachment":"scroll","background-type":"","background-media":"","overlay-type":"","overlay-color":"","overlay-opacity":"","overlay-gradient":""},"tablet":{"background-color":"var(--ast-global-color-5)","background-image":"","background-repeat":"repeat","background-position":"center center","background-size":"auto","background-attachment":"scroll","background-type":"","background-media":"","overlay-type":"","overlay-color":"","overlay-opacity":"","overlay-gradient":""},"mobile":{"background-color":"var(--ast-global-color-5)","background-image":"","background-repeat":"repeat","background-position":"center center","background-size":"auto","background-attachment":"scroll","background-type":"","background-media":"","overlay-type":"","overlay-color":"","overlay-opacity":"","overlay-gradient":""}},"footnotes":""},"class_list":["post-116005","page","type-page","status-publish","has-post-thumbnail","hentry"],"yoast_head":"<!-- This site is optimized with the Yoast SEO plugin v27.4 - https:\/\/yoast.com\/product\/yoast-seo-wordpress\/ -->\n<title>Supply Chain Management - Global Solutions | Obera LLC<\/title>\n<meta name=\"robots\" content=\"index, follow, max-snippet:-1, max-image-preview:large, max-video-preview:-1\" \/>\n<link rel=\"canonical\" href=\"https:\/\/oberallc.com\/es\/what-we-do\/supply-chain-management\/\" \/>\n<meta property=\"og:locale\" content=\"es_ES\" \/>\n<meta property=\"og:type\" content=\"article\" \/>\n<meta property=\"og:title\" content=\"Supply Chain Management - Global Solutions | Obera LLC\" \/>\n<meta property=\"og:description\" content=\"Obera sources and delivers a diverse catalog of equipment and material to meet demanding operational needs around the globe. Our products are Sourced for optimal performance and sustainability in remote or austere locations. Specifically, prepared and documented for shipment to CONUS and OCONUS destinations. Compliant with US and Partner Nation Export and Import Regulations Last [&hellip;]\" \/>\n<meta property=\"og:url\" content=\"https:\/\/oberallc.com\/es\/what-we-do\/supply-chain-management\/\" \/>\n<meta property=\"og:site_name\" content=\"Global Solutions | Obera LLC\" \/>\n<meta property=\"article:modified_time\" content=\"2022-11-18T20:52:15+00:00\" \/>\n<meta property=\"og:image\" content=\"https:\/\/oberallc.com\/wp-content\/uploads\/2019\/05\/Supply-Chain-Featured-Image.jpg\" \/>\n\t<meta property=\"og:image:width\" content=\"1160\" \/>\n\t<meta property=\"og:image:height\" content=\"232\" \/>\n\t<meta property=\"og:image:type\" content=\"image\/jpeg\" \/>\n<meta name=\"twitter:card\" content=\"summary_large_image\" \/>\n<meta name=\"twitter:label1\" content=\"Tiempo de lectura\" \/>\n\t<meta name=\"twitter:data1\" content=\"1 minuto\" \/>\n<script type=\"application\/ld+json\" class=\"yoast-schema-graph\">{\"@context\":\"https:\\\/\\\/schema.org\",\"@graph\":[{\"@type\":\"WebPage\",\"@id\":\"https:\\\/\\\/oberallc.com\\\/what-we-do\\\/supply-chain-management\\\/\",\"url\":\"https:\\\/\\\/oberallc.com\\\/what-we-do\\\/supply-chain-management\\\/\",\"name\":\"Supply Chain Management - Global Solutions | Obera LLC\",\"isPartOf\":{\"@id\":\"https:\\\/\\\/oberallc.com\\\/#website\"},\"primaryImageOfPage\":{\"@id\":\"https:\\\/\\\/oberallc.com\\\/what-we-do\\\/supply-chain-management\\\/#primaryimage\"},\"image\":{\"@id\":\"https:\\\/\\\/oberallc.com\\\/what-we-do\\\/supply-chain-management\\\/#primaryimage\"},\"thumbnailUrl\":\"https:\\\/\\\/oberallc.com\\\/wp-content\\\/uploads\\\/2019\\\/05\\\/Supply-Chain-Featured-Image.jpg\",\"datePublished\":\"2019-05-02T15:57:03+00:00\",\"dateModified\":\"2022-11-18T20:52:15+00:00\",\"breadcrumb\":{\"@id\":\"https:\\\/\\\/oberallc.com\\\/what-we-do\\\/supply-chain-management\\\/#breadcrumb\"},\"inLanguage\":\"es\",\"potentialAction\":[{\"@type\":\"ReadAction\",\"target\":[\"https:\\\/\\\/oberallc.com\\\/what-we-do\\\/supply-chain-management\\\/\"]}]},{\"@type\":\"ImageObject\",\"inLanguage\":\"es\",\"@id\":\"https:\\\/\\\/oberallc.com\\\/what-we-do\\\/supply-chain-management\\\/#primaryimage\",\"url\":\"https:\\\/\\\/oberallc.com\\\/wp-content\\\/uploads\\\/2019\\\/05\\\/Supply-Chain-Featured-Image.jpg\",\"contentUrl\":\"https:\\\/\\\/oberallc.com\\\/wp-content\\\/uploads\\\/2019\\\/05\\\/Supply-Chain-Featured-Image.jpg\",\"width\":1160,\"height\":232},{\"@type\":\"BreadcrumbList\",\"@id\":\"https:\\\/\\\/oberallc.com\\\/what-we-do\\\/supply-chain-management\\\/#breadcrumb\",\"itemListElement\":[{\"@type\":\"ListItem\",\"position\":1,\"name\":\"Home\",\"item\":\"https:\\\/\\\/hotpink-leopard-711048.hostingersite.com\\\/fr\\\/\"},{\"@type\":\"ListItem\",\"position\":2,\"name\":\"What We Do\",\"item\":\"https:\\\/\\\/oberallc.com\\\/what-we-do\\\/\"},{\"@type\":\"ListItem\",\"position\":3,\"name\":\"Supply Chain Management\"}]},{\"@type\":\"WebSite\",\"@id\":\"https:\\\/\\\/oberallc.com\\\/#website\",\"url\":\"https:\\\/\\\/oberallc.com\\\/\",\"name\":\"Global Solutions | Obera LLC\",\"description\":\"Delivering Solutions\",\"potentialAction\":[{\"@type\":\"SearchAction\",\"target\":{\"@type\":\"EntryPoint\",\"urlTemplate\":\"https:\\\/\\\/oberallc.com\\\/?s={search_term_string}\"},\"query-input\":{\"@type\":\"PropertyValueSpecification\",\"valueRequired\":true,\"valueName\":\"search_term_string\"}}],\"inLanguage\":\"es\"}]}<\/script>\n<!-- \/ Yoast SEO plugin. -->","yoast_head_json":{"title":"Supply Chain Management - Global Solutions | Obera LLC","robots":{"index":"index","follow":"follow","max-snippet":"max-snippet:-1","max-image-preview":"max-image-preview:large","max-video-preview":"max-video-preview:-1"},"canonical":"https:\/\/oberallc.com\/es\/what-we-do\/supply-chain-management\/","og_locale":"es_ES","og_type":"article","og_title":"Supply Chain Management - Global Solutions | Obera LLC","og_description":"Obera sources and delivers a diverse catalog of equipment and material to meet demanding operational needs around the globe. Our products are Sourced for optimal performance and sustainability in remote or austere locations. Specifically, prepared and documented for shipment to CONUS and OCONUS destinations. Compliant with US and Partner Nation Export and Import Regulations Last [&hellip;]","og_url":"https:\/\/oberallc.com\/es\/what-we-do\/supply-chain-management\/","og_site_name":"Global Solutions | Obera LLC","article_modified_time":"2022-11-18T20:52:15+00:00","og_image":[{"width":1160,"height":232,"url":"https:\/\/oberallc.com\/wp-content\/uploads\/2019\/05\/Supply-Chain-Featured-Image.jpg","type":"image\/jpeg"}],"twitter_card":"summary_large_image","twitter_misc":{"Tiempo de lectura":"1 minuto"},"schema":{"@context":"https:\/\/schema.org","@graph":[{"@type":"WebPage","@id":"https:\/\/oberallc.com\/what-we-do\/supply-chain-management\/","url":"https:\/\/oberallc.com\/what-we-do\/supply-chain-management\/","name":"Supply Chain Management - Global Solutions | Obera LLC","isPartOf":{"@id":"https:\/\/oberallc.com\/#website"},"primaryImageOfPage":{"@id":"https:\/\/oberallc.com\/what-we-do\/supply-chain-management\/#primaryimage"},"image":{"@id":"https:\/\/oberallc.com\/what-we-do\/supply-chain-management\/#primaryimage"},"thumbnailUrl":"https:\/\/oberallc.com\/wp-content\/uploads\/2019\/05\/Supply-Chain-Featured-Image.jpg","datePublished":"2019-05-02T15:57:03+00:00","dateModified":"2022-11-18T20:52:15+00:00","breadcrumb":{"@id":"https:\/\/oberallc.com\/what-we-do\/supply-chain-management\/#breadcrumb"},"inLanguage":"es","potentialAction":[{"@type":"ReadAction","target":["https:\/\/oberallc.com\/what-we-do\/supply-chain-management\/"]}]},{"@type":"ImageObject","inLanguage":"es","@id":"https:\/\/oberallc.com\/what-we-do\/supply-chain-management\/#primaryimage","url":"https:\/\/oberallc.com\/wp-content\/uploads\/2019\/05\/Supply-Chain-Featured-Image.jpg","contentUrl":"https:\/\/oberallc.com\/wp-content\/uploads\/2019\/05\/Supply-Chain-Featured-Image.jpg","width":1160,"height":232},{"@type":"BreadcrumbList","@id":"https:\/\/oberallc.com\/what-we-do\/supply-chain-management\/#breadcrumb","itemListElement":[{"@type":"ListItem","position":1,"name":"Home","item":"https:\/\/hotpink-leopard-711048.hostingersite.com\/fr\/"},{"@type":"ListItem","position":2,"name":"What We Do","item":"https:\/\/oberallc.com\/what-we-do\/"},{"@type":"ListItem","position":3,"name":"Supply Chain Management"}]},{"@type":"WebSite","@id":"https:\/\/oberallc.com\/#website","url":"https:\/\/oberallc.com\/","name":"Global Solutions | Obera LLC","description":"Delivering Solutions","potentialAction":[{"@type":"SearchAction","target":{"@type":"EntryPoint","urlTemplate":"https:\/\/oberallc.com\/?s={search_term_string}"},"query-input":{"@type":"PropertyValueSpecification","valueRequired":true,"valueName":"search_term_string"}}],"inLanguage":"es"}]}},"_hostinger_reach_plugin_has_subscription_block":false,"_hostinger_reach_plugin_is_elementor":false,"_links":{"self":[{"href":"https:\/\/oberallc.com\/es\/wp-json\/wp\/v2\/pages\/116005","targetHints":{"allow":["GET"]}}],"collection":[{"href":"https:\/\/oberallc.com\/es\/wp-json\/wp\/v2\/pages"}],"about":[{"href":"https:\/\/oberallc.com\/es\/wp-json\/wp\/v2\/types\/page"}],"author":[{"embeddable":true,"href":"https:\/\/oberallc.com\/es\/wp-json\/wp\/v2\/users\/16"}],"replies":[{"embeddable":true,"href":"https:\/\/oberallc.com\/es\/wp-json\/wp\/v2\/comments?post=116005"}],"version-history":[{"count":0,"href":"https:\/\/oberallc.com\/es\/wp-json\/wp\/v2\/pages\/116005\/revisions"}],"up":[{"embeddable":true,"href":"https:\/\/oberallc.com\/es\/wp-json\/wp\/v2\/pages\/118191"}],"wp:featuredmedia":[{"embeddable":true,"href":"https:\/\/oberallc.com\/es\/wp-json\/wp\/v2\/media\/116374"}],"wp:attachment":[{"href":"https:\/\/oberallc.com\/es\/wp-json\/wp\/v2\/media?parent=116005"}],"curies":[{"name":"wp","href":"https:\/\/api.w.org\/{rel}","templated":true}]}}