{"id":116006,"date":"2019-05-02T11:57:06","date_gmt":"2019-05-02T15:57:06","guid":{"rendered":"https:\/\/hotpink-leopard-711048.hostingersite.com\/?page_id=116006"},"modified":"2022-11-18T15:57:57","modified_gmt":"2022-11-18T20:57:57","slug":"security-assistance-training","status":"publish","type":"page","link":"https:\/\/oberallc.com\/es\/what-we-do\/security-assistance-training\/","title":{"rendered":"Asistencia en Seguridad y Capacitaci\u00f3n"},"content":{"rendered":"<div data-elementor-type=\"wp-page\" data-elementor-id=\"116006\" class=\"elementor elementor-116006\" data-elementor-post-type=\"page\">\n\t\t\t\t\t\t<section class=\"elementor-section elementor-top-section elementor-element elementor-element-89d68dd elementor-section-height-min-height elementor-section-boxed elementor-section-height-default elementor-section-items-middle\" data-id=\"89d68dd\" data-element_type=\"section\" data-settings=\"{&quot;jet_parallax_layout_list&quot;:[],&quot;background_background&quot;:&quot;classic&quot;}\">\n\t\t\t\t\t\t\t<div class=\"elementor-background-overlay\"><\/div>\n\t\t\t\t\t\t\t<div class=\"elementor-container elementor-column-gap-no\">\n\t\t\t\t\t<div class=\"elementor-column elementor-col-100 elementor-top-column elementor-element elementor-element-e4da73a\" data-id=\"e4da73a\" data-element_type=\"column\">\n\t\t\t<div class=\"elementor-widget-wrap elementor-element-populated\">\n\t\t\t\t\t\t\t<\/div>\n\t\t<\/div>\n\t\t\t\t\t<\/div>\n\t\t<\/section>\n\t\t\t\t<section class=\"elementor-section elementor-top-section elementor-element elementor-element-407d1b4 elementor-section-boxed elementor-section-height-default elementor-section-height-default\" data-id=\"407d1b4\" data-element_type=\"section\" data-settings=\"{&quot;jet_parallax_layout_list&quot;:[]}\">\n\t\t\t\t\t\t<div class=\"elementor-container elementor-column-gap-no\">\n\t\t\t\t\t<div class=\"elementor-column elementor-col-100 elementor-top-column elementor-element elementor-element-a979ef7\" data-id=\"a979ef7\" data-element_type=\"column\">\n\t\t\t<div class=\"elementor-widget-wrap elementor-element-populated\">\n\t\t\t\t\t\t<section class=\"elementor-section elementor-inner-section elementor-element elementor-element-dced739 elementor-section-boxed elementor-section-height-default elementor-section-height-default\" data-id=\"dced739\" data-element_type=\"section\" data-settings=\"{&quot;jet_parallax_layout_list&quot;:[]}\">\n\t\t\t\t\t\t<div class=\"elementor-container elementor-column-gap-no\">\n\t\t\t\t\t<div class=\"elementor-column elementor-col-50 elementor-inner-column elementor-element elementor-element-ecfc6cc\" data-id=\"ecfc6cc\" data-element_type=\"column\">\n\t\t\t<div class=\"elementor-widget-wrap elementor-element-populated\">\n\t\t\t\t\t\t<div class=\"elementor-element elementor-element-37076bb elementor-widget__width-initial elementor-widget-tablet__width-inherit elementor-widget elementor-widget-text-editor\" data-id=\"37076bb\" data-element_type=\"widget\" data-widget_type=\"text-editor.default\">\n\t\t\t\t<div class=\"elementor-widget-container\">\n\t\t\t\t\t\t\t\t\t<p>Obera apoya la asistencia de seguridad y las misiones de desarrollo de capacidades del gobierno de los Estados Unidos y sus socios internacionales a trav\u00e9s de un proceso de integraci\u00f3n y capacitaci\u00f3n de sistemas.<\/p>\t\t\t\t\t\t\t\t<\/div>\n\t\t\t\t<\/div>\n\t\t\t\t<div class=\"elementor-element elementor-element-ecc958e elementor-widget elementor-widget-heading\" data-id=\"ecc958e\" data-element_type=\"widget\" data-widget_type=\"heading.default\">\n\t\t\t\t<div class=\"elementor-widget-container\">\n\t\t\t\t\t<h2 class=\"elementor-heading-title elementor-size-default\">Servicios de integraci\u00f3n de sistemas (IC4S)<\/h2>\t\t\t\t<\/div>\n\t\t\t\t<\/div>\n\t\t\t\t<div class=\"elementor-element elementor-element-a276ecf elementor-widget-divider--view-line elementor-widget elementor-widget-divider\" data-id=\"a276ecf\" data-element_type=\"widget\" data-widget_type=\"divider.default\">\n\t\t\t\t<div class=\"elementor-widget-container\">\n\t\t\t\t\t\t\t<div class=\"elementor-divider\">\n\t\t\t<span class=\"elementor-divider-separator\">\n\t\t\t\t\t\t<\/span>\n\t\t<\/div>\n\t\t\t\t\t\t<\/div>\n\t\t\t\t<\/div>\n\t\t\t\t\t<\/div>\n\t\t<\/div>\n\t\t\t\t<div class=\"elementor-column elementor-col-50 elementor-inner-column elementor-element elementor-element-d352dbc\" data-id=\"d352dbc\" data-element_type=\"column\">\n\t\t\t<div class=\"elementor-widget-wrap elementor-element-populated\">\n\t\t\t\t\t\t<div class=\"elementor-element elementor-element-ab4b77c elementor-widget elementor-widget-text-editor\" data-id=\"ab4b77c\" data-element_type=\"widget\" data-widget_type=\"text-editor.default\">\n\t\t\t\t<div class=\"elementor-widget-container\">\n\t\t\t\t\t\t\t\t\t<p>Trabajamos a la perfecci\u00f3n con representantes y agencias del pa\u00eds anfitri\u00f3n y socios y proveedores en el pa\u00eds. A trav\u00e9s de este proceso, mantenemos y aseguramos el compromiso total de nuestro equipo con la misi\u00f3n patrocinada por los EE. UU. Para construir alianzas a largo plazo con todos los interesados.\u00a0<\/p><p>Obera proporciona soluciones a trav\u00e9s de un proceso <strong>I<\/strong>Integrado <strong>C<\/strong>de Cyber, <strong>C<\/strong>Comando, <strong>C<\/strong>Control, <strong>C<\/strong>Comunicaciones, y <strong>V<\/strong>igilancia<strong>(IC4S)<\/strong>Nuestro enfoque es actuar como un agente de confianza independiente del proveedor entre m\u00faltiples fabricantes y la naci\u00f3n asociada para garantizar la entrega exitosa de una soluci\u00f3n operativa transparente y perfecta.<\/p>\t\t\t\t\t\t\t\t<\/div>\n\t\t\t\t<\/div>\n\t\t\t\t\t<\/div>\n\t\t<\/div>\n\t\t\t\t\t<\/div>\n\t\t<\/section>\n\t\t\t\t<section class=\"elementor-section elementor-inner-section elementor-element elementor-element-392e7b0 elementor-section-boxed elementor-section-height-default elementor-section-height-default\" data-id=\"392e7b0\" data-element_type=\"section\" data-settings=\"{&quot;jet_parallax_layout_list&quot;:[]}\">\n\t\t\t\t\t\t<div class=\"elementor-container elementor-column-gap-no\">\n\t\t\t\t\t<div class=\"elementor-column elementor-col-50 elementor-inner-column elementor-element elementor-element-6c2e0ce\" data-id=\"6c2e0ce\" data-element_type=\"column\">\n\t\t\t<div class=\"elementor-widget-wrap elementor-element-populated\">\n\t\t\t\t\t\t<div class=\"elementor-element elementor-element-4d24848 elementor-widget elementor-widget-heading\" data-id=\"4d24848\" data-element_type=\"widget\" data-widget_type=\"heading.default\">\n\t\t\t\t<div class=\"elementor-widget-container\">\n\t\t\t\t\t<h2 class=\"elementor-heading-title elementor-size-default\">Capacitaci\u00f3n<\/h2>\t\t\t\t<\/div>\n\t\t\t\t<\/div>\n\t\t\t\t<div class=\"elementor-element elementor-element-a012768 elementor-widget-divider--view-line elementor-widget elementor-widget-divider\" data-id=\"a012768\" data-element_type=\"widget\" data-widget_type=\"divider.default\">\n\t\t\t\t<div class=\"elementor-widget-container\">\n\t\t\t\t\t\t\t<div class=\"elementor-divider\">\n\t\t\t<span class=\"elementor-divider-separator\">\n\t\t\t\t\t\t<\/span>\n\t\t<\/div>\n\t\t\t\t\t\t<\/div>\n\t\t\t\t<\/div>\n\t\t\t\t\t<\/div>\n\t\t<\/div>\n\t\t\t\t<div class=\"elementor-column elementor-col-50 elementor-inner-column elementor-element elementor-element-e72eeca\" data-id=\"e72eeca\" data-element_type=\"column\">\n\t\t\t<div class=\"elementor-widget-wrap elementor-element-populated\">\n\t\t\t\t\t\t<div class=\"elementor-element elementor-element-d8524a6 elementor-widget elementor-widget-text-editor\" data-id=\"d8524a6\" data-element_type=\"widget\" data-widget_type=\"text-editor.default\">\n\t\t\t\t<div class=\"elementor-widget-container\">\n\t\t\t\t\t\t\t\t\t<p>Obera complementa nuestra prestaci\u00f3n de servicios de asistencia de seguridad mediante el desarrollo y la capacitaci\u00f3n personalizada en una amplia gama de idiomas nacionales y naciones amigas. Obera aplica procesos de capacitaci\u00f3n sistem\u00e1ticos dise\u00f1ados para cumplir con los objetivos de aprendizaje de nuestros clientes. Nuestra metodolog\u00eda de entrega incluye conferencias, estudios de casos, coaching \/ mentoria, ejercicios pr\u00e1cticos y discusi\u00f3n facilitada.<\/p>\t\t\t\t\t\t\t\t<\/div>\n\t\t\t\t<\/div>\n\t\t\t\t<div class=\"elementor-element elementor-element-8c9695d elementor-widget elementor-widget-text-editor\" data-id=\"8c9695d\" data-element_type=\"widget\" data-widget_type=\"text-editor.default\">\n\t\t\t\t<div class=\"elementor-widget-container\">\n\t\t\t\t\t\t\t\t\t<ul><li>Comunicaciones T\u00e1cticas<\/li><li>Planeaci\u00f3n Estrat\u00e9gica Operacional<\/li><li>Mantenimiento de Equipos e Instalaciones<\/li><li>Sistema de Ventas Militares al Exterior<\/li><li>Operaciones T\u00e1cticas<\/li><li>Asistencia para la formaci\u00f3n<\/li><li>Soporte administrativo<\/li><li>Soporte operativo<\/li><li>Inteligencia<\/li><li>Integradores de operaciones<\/li><li>Analistas<\/li><li>Desarrollo de pol\u00edticas<\/li><li>Pymes de guerra especial<\/li><\/ul>\t\t\t\t\t\t\t\t<\/div>\n\t\t\t\t<\/div>\n\t\t\t\t\t<\/div>\n\t\t<\/div>\n\t\t\t\t\t<\/div>\n\t\t<\/section>\n\t\t\t\t\t<\/div>\n\t\t<\/div>\n\t\t\t\t\t<\/div>\n\t\t<\/section>\n\t\t\t\t<section class=\"elementor-section elementor-top-section elementor-element elementor-element-7688ca50 elementor-section-boxed elementor-section-height-default elementor-section-height-default\" data-id=\"7688ca50\" data-element_type=\"section\" data-settings=\"{&quot;jet_parallax_layout_list&quot;:[],&quot;background_background&quot;:&quot;classic&quot;,&quot;shape_divider_top&quot;:&quot;triangle&quot;}\">\n\t\t\t\t\t\t\t<div class=\"elementor-background-overlay\"><\/div>\n\t\t\t\t\t\t<div class=\"elementor-shape elementor-shape-top\" aria-hidden=\"true\" data-negative=\"false\">\n\t\t\t<svg xmlns=\"http:\/\/www.w3.org\/2000\/svg\" viewbox=\"0 0 1000 100\" preserveaspectratio=\"none\">\n\t<path class=\"elementor-shape-fill\" d=\"M500,98.9L0,6.1V0h1000v6.1L500,98.9z\"\/>\n<\/svg>\t\t<\/div>\n\t\t\t\t\t<div class=\"elementor-container elementor-column-gap-no\">\n\t\t\t\t\t<div class=\"elementor-column elementor-col-100 elementor-top-column elementor-element elementor-element-20abc346\" data-id=\"20abc346\" data-element_type=\"column\">\n\t\t\t<div class=\"elementor-widget-wrap elementor-element-populated\">\n\t\t\t\t\t\t<div class=\"elementor-element elementor-element-7a5836de elementor-widget elementor-widget-heading\" data-id=\"7a5836de\" data-element_type=\"widget\" data-widget_type=\"heading.default\">\n\t\t\t\t<div class=\"elementor-widget-container\">\n\t\t\t\t\t<h2 class=\"elementor-heading-title elementor-size-default\">ANTERIORES DESEMPE\u00d1OS<\/h2>\t\t\t\t<\/div>\n\t\t\t\t<\/div>\n\t\t\t\t<div class=\"elementor-element elementor-element-76e2454e elementor-widget-divider--view-line elementor-widget elementor-widget-divider\" data-id=\"76e2454e\" data-element_type=\"widget\" data-widget_type=\"divider.default\">\n\t\t\t\t<div class=\"elementor-widget-container\">\n\t\t\t\t\t\t\t<div class=\"elementor-divider\">\n\t\t\t<span class=\"elementor-divider-separator\">\n\t\t\t\t\t\t<\/span>\n\t\t<\/div>\n\t\t\t\t\t\t<\/div>\n\t\t\t\t<\/div>\n\t\t\t\t<div class=\"elementor-element elementor-element-4cd8e1e6 elementor-widget elementor-widget-text-editor\" data-id=\"4cd8e1e6\" data-element_type=\"widget\" data-widget_type=\"text-editor.default\">\n\t\t\t\t<div class=\"elementor-widget-container\">\n\t\t\t\t\t\t\t\t\t<ul><li>Servicios de capacitaci\u00f3n e instalaci\u00f3n de comunicaciones \/ integraci\u00f3n \u2013 Turqu\u00eda<\/li><li>Construcci\u00f3n de las instalaciones del puesto de control de los servicios de la guardia fronteriza \u2013 Kazajst\u00e1n<\/li><li>Apoyo al Instituto de Servicio Exterior para PYME \u2013 Asia Central<\/li><li>Servicios de capacitaci\u00f3n e instalaci\u00f3n de comunicaciones \/ integraci\u00f3n \u2013 Turqu\u00eda<\/li><li>Verificaci\u00f3n y validaci\u00f3n de garant\u00eda de calidad independiente y servicios para la construcci\u00f3n \u2013 Tayikist\u00e1n<\/li><li>Log\u00edstica de Apoyo del Equipo Regional de Entrenamiento de Interdicci\u00f3n (RITT) \u2013 Tayikist\u00e1n<\/li><li>Equipo de Capacitaci\u00f3n Regional de Interdicci\u00f3n (RITT) Servicios de traducci\u00f3n de apoyo \u2013 Tayikist\u00e1n<\/li><li>Log\u00edstica de Apoyo del Equipo Regional de Entrenamiento de Interdicci\u00f3n (RITT) \u2013 Kirguist\u00e1n<\/li><li>Dise\u00f1o de la Sede Antinarc\u00f3ticos \u2013 Pakist\u00e1n<\/li><li>Apoyo a los ejercicios del ej\u00e9rcito de los EE. UU. en \u00c1frica (gesti\u00f3n de combustible) \u2013 Nigeria<\/li><\/ul>\t\t\t\t\t\t\t\t<\/div>\n\t\t\t\t<\/div>\n\t\t\t\t<div class=\"elementor-element elementor-element-3ce176f elementor-widget elementor-widget-spacer\" data-id=\"3ce176f\" data-element_type=\"widget\" data-widget_type=\"spacer.default\">\n\t\t\t\t<div class=\"elementor-widget-container\">\n\t\t\t\t\t\t\t<div class=\"elementor-spacer\">\n\t\t\t<div class=\"elementor-spacer-inner\"><\/div>\n\t\t<\/div>\n\t\t\t\t\t\t<\/div>\n\t\t\t\t<\/div>\n\t\t\t\t<div class=\"elementor-element elementor-element-1f515050 elementor-widget__width-initial elementor-hidden-desktop elementor-hidden-tablet elementor-hidden-mobile elementor-widget elementor-widget-button\" data-id=\"1f515050\" data-element_type=\"widget\" data-widget_type=\"button.default\">\n\t\t\t\t<div class=\"elementor-widget-container\">\n\t\t\t\t\t\t\t\t\t<div class=\"elementor-button-wrapper\">\n\t\t\t\t\t<a class=\"elementor-button elementor-button-link elementor-size-sm\" href=\"#\">\n\t\t\t\t\t\t<span class=\"elementor-button-content-wrapper\">\n\t\t\t\t\t\t\t\t\t<span class=\"elementor-button-text\">Click here<\/span>\n\t\t\t\t\t<\/span>\n\t\t\t\t\t<\/a>\n\t\t\t\t<\/div>\n\t\t\t\t\t\t\t\t<\/div>\n\t\t\t\t<\/div>\n\t\t\t\t<div class=\"elementor-element elementor-element-5ac3e299 elementor-widget__width-initial elementor-hidden-desktop elementor-hidden-tablet elementor-hidden-mobile elementor-widget elementor-widget-button\" data-id=\"5ac3e299\" data-element_type=\"widget\" data-widget_type=\"button.default\">\n\t\t\t\t<div class=\"elementor-widget-container\">\n\t\t\t\t\t\t\t\t\t<div class=\"elementor-button-wrapper\">\n\t\t\t\t\t<a class=\"elementor-button elementor-button-link elementor-size-sm\" href=\"#\">\n\t\t\t\t\t\t<span class=\"elementor-button-content-wrapper\">\n\t\t\t\t\t\t\t\t\t<span class=\"elementor-button-text\">Click here<\/span>\n\t\t\t\t\t<\/span>\n\t\t\t\t\t<\/a>\n\t\t\t\t<\/div>\n\t\t\t\t\t\t\t\t<\/div>\n\t\t\t\t<\/div>\n\t\t\t\t\t<\/div>\n\t\t<\/div>\n\t\t\t\t\t<\/div>\n\t\t<\/section>\n\t\t\t\t<\/div>","protected":false},"excerpt":{"rendered":"<p>Obera supports the security assistance and capacity-building missions of the United States government and their international partners through a process of systems integration and training. Systems Integration Services (IC4S) We work seamlessly with host nation representatives &amp; agencies and in-country partners &amp; suppliers. Through this process we maintain and ensure our team\u2019s full commitment to [&hellip;]<\/p>","protected":false},"author":16,"featured_media":117487,"parent":118191,"menu_order":0,"comment_status":"closed","ping_status":"closed","template":"","meta":{"_monsterinsights_skip_tracking":false,"_monsterinsights_sitenote_active":false,"_monsterinsights_sitenote_note":"","_monsterinsights_sitenote_category":0,"site-sidebar-layout":"default","site-content-layout":"default","ast-site-content-layout":"default","site-content-style":"default","site-sidebar-style":"default","ast-global-header-display":"","ast-banner-title-visibility":"","ast-main-header-display":"","ast-hfb-above-header-display":"","ast-hfb-below-header-display":"","ast-hfb-mobile-header-display":"","site-post-title":"","ast-breadcrumbs-content":"","ast-featured-img":"","footer-sml-layout":"","ast-disable-related-posts":"","theme-transparent-header-meta":"default","adv-header-id-meta":null,"stick-header-meta":"default","header-above-stick-meta":"","header-main-stick-meta":"","header-below-stick-meta":"","astra-migrate-meta-layouts":"default","ast-page-background-enabled":"default","ast-page-background-meta":{"desktop":{"background-color":"var(--ast-global-color-4)","background-image":"","background-repeat":"repeat","background-position":"center center","background-size":"auto","background-attachment":"scroll","background-type":"","background-media":"","overlay-type":"","overlay-color":"","overlay-opacity":"","overlay-gradient":""},"tablet":{"background-color":"","background-image":"","background-repeat":"repeat","background-position":"center center","background-size":"auto","background-attachment":"scroll","background-type":"","background-media":"","overlay-type":"","overlay-color":"","overlay-opacity":"","overlay-gradient":""},"mobile":{"background-color":"","background-image":"","background-repeat":"repeat","background-position":"center center","background-size":"auto","background-attachment":"scroll","background-type":"","background-media":"","overlay-type":"","overlay-color":"","overlay-opacity":"","overlay-gradient":""}},"ast-content-background-meta":{"desktop":{"background-color":"var(--ast-global-color-5)","background-image":"","background-repeat":"repeat","background-position":"center center","background-size":"auto","background-attachment":"scroll","background-type":"","background-media":"","overlay-type":"","overlay-color":"","overlay-opacity":"","overlay-gradient":""},"tablet":{"background-color":"var(--ast-global-color-5)","background-image":"","background-repeat":"repeat","background-position":"center center","background-size":"auto","background-attachment":"scroll","background-type":"","background-media":"","overlay-type":"","overlay-color":"","overlay-opacity":"","overlay-gradient":""},"mobile":{"background-color":"var(--ast-global-color-5)","background-image":"","background-repeat":"repeat","background-position":"center center","background-size":"auto","background-attachment":"scroll","background-type":"","background-media":"","overlay-type":"","overlay-color":"","overlay-opacity":"","overlay-gradient":""}},"footnotes":""},"class_list":["post-116006","page","type-page","status-publish","has-post-thumbnail","hentry"],"yoast_head":"<!-- This site is optimized with the Yoast SEO plugin v26.5 - https:\/\/yoast.com\/wordpress\/plugins\/seo\/ -->\n<title>Security Assistance &amp; Training - Global Solutions | Obera LLC<\/title>\n<meta name=\"robots\" content=\"index, follow, max-snippet:-1, max-image-preview:large, max-video-preview:-1\" \/>\n<link rel=\"canonical\" href=\"https:\/\/oberallc.com\/es\/what-we-do\/security-assistance-training\/\" \/>\n<meta property=\"og:locale\" content=\"es_ES\" \/>\n<meta property=\"og:type\" content=\"article\" \/>\n<meta property=\"og:title\" content=\"Security Assistance &amp; Training - Global Solutions | Obera LLC\" \/>\n<meta property=\"og:description\" content=\"Obera supports the security assistance and capacity-building missions of the United States government and their international partners through a process of systems integration and training. Systems Integration Services (IC4S) We work seamlessly with host nation representatives &amp; agencies and in-country partners &amp; suppliers. Through this process we maintain and ensure our team\u2019s full commitment to [&hellip;]\" \/>\n<meta property=\"og:url\" content=\"https:\/\/oberallc.com\/es\/what-we-do\/security-assistance-training\/\" \/>\n<meta property=\"og:site_name\" content=\"Global Solutions | Obera LLC\" \/>\n<meta property=\"article:modified_time\" content=\"2022-11-18T20:57:57+00:00\" \/>\n<meta property=\"og:image\" content=\"https:\/\/oberallc.com\/wp-content\/uploads\/2020\/08\/OBERA_SECURITY_ASSISTANCE.jpg\" \/>\n\t<meta property=\"og:image:width\" content=\"1320\" \/>\n\t<meta property=\"og:image:height\" content=\"264\" \/>\n\t<meta property=\"og:image:type\" content=\"image\/jpeg\" \/>\n<meta name=\"twitter:card\" content=\"summary_large_image\" \/>\n<meta name=\"twitter:label1\" content=\"Tiempo de lectura\" \/>\n\t<meta name=\"twitter:data1\" content=\"1 minuto\" \/>\n<script type=\"application\/ld+json\" class=\"yoast-schema-graph\">{\"@context\":\"https:\/\/schema.org\",\"@graph\":[{\"@type\":\"WebPage\",\"@id\":\"https:\/\/oberallc.com\/what-we-do\/security-assistance-training\/\",\"url\":\"https:\/\/oberallc.com\/what-we-do\/security-assistance-training\/\",\"name\":\"Security Assistance & Training - Global Solutions | Obera LLC\",\"isPartOf\":{\"@id\":\"https:\/\/oberallc.com\/#website\"},\"primaryImageOfPage\":{\"@id\":\"https:\/\/oberallc.com\/what-we-do\/security-assistance-training\/#primaryimage\"},\"image\":{\"@id\":\"https:\/\/oberallc.com\/what-we-do\/security-assistance-training\/#primaryimage\"},\"thumbnailUrl\":\"https:\/\/oberallc.com\/wp-content\/uploads\/2020\/08\/OBERA_SECURITY_ASSISTANCE.jpg\",\"datePublished\":\"2019-05-02T15:57:06+00:00\",\"dateModified\":\"2022-11-18T20:57:57+00:00\",\"breadcrumb\":{\"@id\":\"https:\/\/oberallc.com\/what-we-do\/security-assistance-training\/#breadcrumb\"},\"inLanguage\":\"es\",\"potentialAction\":[{\"@type\":\"ReadAction\",\"target\":[\"https:\/\/oberallc.com\/what-we-do\/security-assistance-training\/\"]}]},{\"@type\":\"ImageObject\",\"inLanguage\":\"es\",\"@id\":\"https:\/\/oberallc.com\/what-we-do\/security-assistance-training\/#primaryimage\",\"url\":\"https:\/\/oberallc.com\/wp-content\/uploads\/2020\/08\/OBERA_SECURITY_ASSISTANCE.jpg\",\"contentUrl\":\"https:\/\/oberallc.com\/wp-content\/uploads\/2020\/08\/OBERA_SECURITY_ASSISTANCE.jpg\",\"width\":1320,\"height\":264},{\"@type\":\"BreadcrumbList\",\"@id\":\"https:\/\/oberallc.com\/what-we-do\/security-assistance-training\/#breadcrumb\",\"itemListElement\":[{\"@type\":\"ListItem\",\"position\":1,\"name\":\"Home\",\"item\":\"https:\/\/oberallc.com\/fr\/\"},{\"@type\":\"ListItem\",\"position\":2,\"name\":\"What We Do\",\"item\":\"https:\/\/oberallc.com\/fr\/what-we-do\/\"},{\"@type\":\"ListItem\",\"position\":3,\"name\":\"Security Assistance &#038; Training\"}]},{\"@type\":\"WebSite\",\"@id\":\"https:\/\/oberallc.com\/#website\",\"url\":\"https:\/\/oberallc.com\/\",\"name\":\"Global Solutions | Obera LLC\",\"description\":\"Delivering Solutions\",\"potentialAction\":[{\"@type\":\"SearchAction\",\"target\":{\"@type\":\"EntryPoint\",\"urlTemplate\":\"https:\/\/oberallc.com\/?s={search_term_string}\"},\"query-input\":{\"@type\":\"PropertyValueSpecification\",\"valueRequired\":true,\"valueName\":\"search_term_string\"}}],\"inLanguage\":\"es\"}]}<\/script>\n<!-- \/ Yoast SEO plugin. -->","yoast_head_json":{"title":"Security Assistance & Training - Global Solutions | Obera LLC","robots":{"index":"index","follow":"follow","max-snippet":"max-snippet:-1","max-image-preview":"max-image-preview:large","max-video-preview":"max-video-preview:-1"},"canonical":"https:\/\/oberallc.com\/es\/what-we-do\/security-assistance-training\/","og_locale":"es_ES","og_type":"article","og_title":"Security Assistance & Training - Global Solutions | Obera LLC","og_description":"Obera supports the security assistance and capacity-building missions of the United States government and their international partners through a process of systems integration and training. Systems Integration Services (IC4S) We work seamlessly with host nation representatives &amp; agencies and in-country partners &amp; suppliers. Through this process we maintain and ensure our team\u2019s full commitment to [&hellip;]","og_url":"https:\/\/oberallc.com\/es\/what-we-do\/security-assistance-training\/","og_site_name":"Global Solutions | Obera LLC","article_modified_time":"2022-11-18T20:57:57+00:00","og_image":[{"width":1320,"height":264,"url":"https:\/\/oberallc.com\/wp-content\/uploads\/2020\/08\/OBERA_SECURITY_ASSISTANCE.jpg","type":"image\/jpeg"}],"twitter_card":"summary_large_image","twitter_misc":{"Tiempo de lectura":"1 minuto"},"schema":{"@context":"https:\/\/schema.org","@graph":[{"@type":"WebPage","@id":"https:\/\/oberallc.com\/what-we-do\/security-assistance-training\/","url":"https:\/\/oberallc.com\/what-we-do\/security-assistance-training\/","name":"Security Assistance & Training - Global Solutions | Obera LLC","isPartOf":{"@id":"https:\/\/oberallc.com\/#website"},"primaryImageOfPage":{"@id":"https:\/\/oberallc.com\/what-we-do\/security-assistance-training\/#primaryimage"},"image":{"@id":"https:\/\/oberallc.com\/what-we-do\/security-assistance-training\/#primaryimage"},"thumbnailUrl":"https:\/\/oberallc.com\/wp-content\/uploads\/2020\/08\/OBERA_SECURITY_ASSISTANCE.jpg","datePublished":"2019-05-02T15:57:06+00:00","dateModified":"2022-11-18T20:57:57+00:00","breadcrumb":{"@id":"https:\/\/oberallc.com\/what-we-do\/security-assistance-training\/#breadcrumb"},"inLanguage":"es","potentialAction":[{"@type":"ReadAction","target":["https:\/\/oberallc.com\/what-we-do\/security-assistance-training\/"]}]},{"@type":"ImageObject","inLanguage":"es","@id":"https:\/\/oberallc.com\/what-we-do\/security-assistance-training\/#primaryimage","url":"https:\/\/oberallc.com\/wp-content\/uploads\/2020\/08\/OBERA_SECURITY_ASSISTANCE.jpg","contentUrl":"https:\/\/oberallc.com\/wp-content\/uploads\/2020\/08\/OBERA_SECURITY_ASSISTANCE.jpg","width":1320,"height":264},{"@type":"BreadcrumbList","@id":"https:\/\/oberallc.com\/what-we-do\/security-assistance-training\/#breadcrumb","itemListElement":[{"@type":"ListItem","position":1,"name":"Home","item":"https:\/\/oberallc.com\/fr\/"},{"@type":"ListItem","position":2,"name":"What We Do","item":"https:\/\/oberallc.com\/fr\/what-we-do\/"},{"@type":"ListItem","position":3,"name":"Security Assistance &#038; Training"}]},{"@type":"WebSite","@id":"https:\/\/oberallc.com\/#website","url":"https:\/\/oberallc.com\/","name":"Global Solutions | Obera LLC","description":"Delivering Solutions","potentialAction":[{"@type":"SearchAction","target":{"@type":"EntryPoint","urlTemplate":"https:\/\/oberallc.com\/?s={search_term_string}"},"query-input":{"@type":"PropertyValueSpecification","valueRequired":true,"valueName":"search_term_string"}}],"inLanguage":"es"}]}},"_hostinger_reach_plugin_has_subscription_block":false,"_hostinger_reach_plugin_is_elementor":false,"_links":{"self":[{"href":"https:\/\/oberallc.com\/es\/wp-json\/wp\/v2\/pages\/116006","targetHints":{"allow":["GET"]}}],"collection":[{"href":"https:\/\/oberallc.com\/es\/wp-json\/wp\/v2\/pages"}],"about":[{"href":"https:\/\/oberallc.com\/es\/wp-json\/wp\/v2\/types\/page"}],"author":[{"embeddable":true,"href":"https:\/\/oberallc.com\/es\/wp-json\/wp\/v2\/users\/16"}],"replies":[{"embeddable":true,"href":"https:\/\/oberallc.com\/es\/wp-json\/wp\/v2\/comments?post=116006"}],"version-history":[{"count":0,"href":"https:\/\/oberallc.com\/es\/wp-json\/wp\/v2\/pages\/116006\/revisions"}],"up":[{"embeddable":true,"href":"https:\/\/oberallc.com\/es\/wp-json\/wp\/v2\/pages\/118191"}],"wp:featuredmedia":[{"embeddable":true,"href":"https:\/\/oberallc.com\/es\/wp-json\/wp\/v2\/media\/117487"}],"wp:attachment":[{"href":"https:\/\/oberallc.com\/es\/wp-json\/wp\/v2\/media?parent=116006"}],"curies":[{"name":"wp","href":"https:\/\/api.w.org\/{rel}","templated":true}]}}