{"id":115697,"date":"2018-11-01T14:14:30","date_gmt":"2018-11-01T18:14:30","guid":{"rendered":"https:\/\/hotpink-leopard-711048.hostingersite.com\/?page_id=115697"},"modified":"2022-11-08T08:54:45","modified_gmt":"2022-11-08T13:54:45","slug":"media-center","status":"publish","type":"page","link":"https:\/\/oberallc.com\/fr\/media-center\/","title":{"rendered":"Espace M\u00e9dia"},"content":{"rendered":"<div data-elementor-type=\"wp-page\" data-elementor-id=\"115697\" class=\"elementor elementor-115697\" data-elementor-post-type=\"page\">\n\t\t\t\t\t\t<section class=\"elementor-section elementor-top-section elementor-element elementor-element-21b3c4ff elementor-section-height-min-height elementor-section-boxed elementor-section-height-default elementor-section-items-middle\" data-id=\"21b3c4ff\" data-element_type=\"section\" data-settings=\"{&quot;jet_parallax_layout_list&quot;:[],&quot;background_background&quot;:&quot;classic&quot;}\">\n\t\t\t\t\t\t\t<div class=\"elementor-background-overlay\"><\/div>\n\t\t\t\t\t\t\t<div class=\"elementor-container elementor-column-gap-default\">\n\t\t\t\t\t<div class=\"elementor-column elementor-col-100 elementor-top-column elementor-element elementor-element-43101a25\" data-id=\"43101a25\" data-element_type=\"column\">\n\t\t\t<div class=\"elementor-widget-wrap elementor-element-populated\">\n\t\t\t\t\t\t\t<\/div>\n\t\t<\/div>\n\t\t\t\t\t<\/div>\n\t\t<\/section>\n\t\t\t\t<section class=\"elementor-section elementor-top-section elementor-element elementor-element-5c0ec16a elementor-section-boxed elementor-section-height-default elementor-section-height-default\" data-id=\"5c0ec16a\" data-element_type=\"section\" data-settings=\"{&quot;jet_parallax_layout_list&quot;:[]}\">\n\t\t\t\t\t\t<div class=\"elementor-container elementor-column-gap-no\">\n\t\t\t\t\t<div class=\"elementor-column elementor-col-100 elementor-top-column elementor-element elementor-element-99dd4be\" data-id=\"99dd4be\" data-element_type=\"column\">\n\t\t\t<div class=\"elementor-widget-wrap elementor-element-populated\">\n\t\t\t\t\t\t<div class=\"elementor-element elementor-element-9889ff0 load-more-align-center elementor-grid-3 elementor-grid-tablet-2 elementor-grid-mobile-1 elementor-posts--thumbnail-top elementor-card-shadow-yes elementor-posts__hover-gradient load-more-align-center elementor-widget elementor-widget-posts\" data-id=\"9889ff0\" data-element_type=\"widget\" data-settings=\"{&quot;pagination_type&quot;:&quot;load_more_on_click&quot;,&quot;cards_columns&quot;:&quot;3&quot;,&quot;cards_columns_tablet&quot;:&quot;2&quot;,&quot;cards_columns_mobile&quot;:&quot;1&quot;,&quot;cards_row_gap&quot;:{&quot;unit&quot;:&quot;px&quot;,&quot;size&quot;:35,&quot;sizes&quot;:[]},&quot;cards_row_gap_widescreen&quot;:{&quot;unit&quot;:&quot;px&quot;,&quot;size&quot;:&quot;&quot;,&quot;sizes&quot;:[]},&quot;cards_row_gap_laptop&quot;:{&quot;unit&quot;:&quot;px&quot;,&quot;size&quot;:&quot;&quot;,&quot;sizes&quot;:[]},&quot;cards_row_gap_tablet&quot;:{&quot;unit&quot;:&quot;px&quot;,&quot;size&quot;:&quot;&quot;,&quot;sizes&quot;:[]},&quot;cards_row_gap_mobile&quot;:{&quot;unit&quot;:&quot;px&quot;,&quot;size&quot;:&quot;&quot;,&quot;sizes&quot;:[]},&quot;load_more_spinner&quot;:{&quot;value&quot;:&quot;fas fa-spinner&quot;,&quot;library&quot;:&quot;fa-solid&quot;}}\" data-widget_type=\"posts.cards\">\n\t\t\t\t<div class=\"elementor-widget-container\">\n\t\t\t\t\t\t\t<div class=\"elementor-posts-container elementor-posts elementor-posts--skin-cards elementor-grid\" role=\"list\">\n\t\t\t\t<article class=\"elementor-post elementor-grid-item post-124118 post type-post status-publish format-standard has-post-thumbnail hentry category-news category-press-release\" role=\"listitem\">\n\t\t\t<div class=\"elementor-post__card\">\n\t\t\t\t<a class=\"elementor-post__thumbnail__link\" href=\"https:\/\/oberallc.com\/fr\/obera-llc-receives-2023-hire-vets-medallion-award-from-the-u-s-department-of-labor\/\" tabindex=\"-1\" ><div class=\"elementor-post__thumbnail\"><img fetchpriority=\"high\" decoding=\"async\" width=\"2880\" height=\"2318\" src=\"https:\/\/oberallc.com\/wp-content\/uploads\/2021\/11\/Active-2018-HIRE-Vets-Medallion-OVERLAP-01.png\" class=\"attachment-full size-full wp-image-117856\" alt=\"\" \/><\/div><\/a>\n\t\t\t\t<div class=\"elementor-post__text\">\n\t\t\t\t<h3 class=\"elementor-post__title\">\n\t\t\t<a href=\"https:\/\/oberallc.com\/fr\/obera-llc-receives-2023-hire-vets-medallion-award-from-the-u-s-department-of-labor\/\" >\n\t\t\t\tObera LLC Receives 2023 HIRE Vets Medallion Award From The U.S. Department Of Labor\t\t\t<\/a>\n\t\t<\/h3>\n\t\t\t\t<div class=\"elementor-post__excerpt\">\n\t\t\t<p>Obera LLC Receives 2023 HIRE Vets Medallion Award From The U.S. Department Of Labor for the Third Year in a Row &nbsp; November 8, 2023: Acting U.S. Secretary of Labor Julie A. Su recognized Obera LLC as one of the more than 900 recipients of the 2023 HIRE Vets Medallion Award presented by U.S. Department<\/p>\n\t\t<\/div>\n\t\t\t\t\t<div class=\"elementor-post__read-more-wrapper\">\n\t\t\n\t\t<a class=\"elementor-post__read-more\" href=\"https:\/\/oberallc.com\/fr\/obera-llc-receives-2023-hire-vets-medallion-award-from-the-u-s-department-of-labor\/\" aria-label=\"En savoir plus sur Obera LLC Receives 2023 HIRE Vets Medallion Award From The U.S. Department Of Labor\" tabindex=\"-1\" >\n\t\t\tLire la Suite\t\t<\/a>\n\n\t\t\t\t\t<\/div>\n\t\t\t\t<\/div>\n\t\t\t\t\t<\/div>\n\t\t<\/article>\n\t\t\t\t<article class=\"elementor-post elementor-grid-item post-117854 post type-post status-publish format-standard has-post-thumbnail hentry category-news category-press-release\" role=\"listitem\">\n\t\t\t<div class=\"elementor-post__card\">\n\t\t\t\t<a class=\"elementor-post__thumbnail__link\" href=\"https:\/\/oberallc.com\/fr\/obera-llc-receives-2021-hire-vets-medallion-award\/\" tabindex=\"-1\" ><div class=\"elementor-post__thumbnail\"><img fetchpriority=\"high\" decoding=\"async\" width=\"2880\" height=\"2318\" src=\"https:\/\/oberallc.com\/wp-content\/uploads\/2021\/11\/Active-2018-HIRE-Vets-Medallion-OVERLAP-01.png\" class=\"attachment-full size-full wp-image-117856\" alt=\"\" \/><\/div><\/a>\n\t\t\t\t<div class=\"elementor-post__text\">\n\t\t\t\t<h3 class=\"elementor-post__title\">\n\t\t\t<a href=\"https:\/\/oberallc.com\/fr\/obera-llc-receives-2021-hire-vets-medallion-award\/\" >\n\t\t\t\tObera LLC re\u00e7oit le prix du m\u00e9daillon HIRE Vets 2021 du d\u00e9partement am\u00e9ricain du travail\t\t\t<\/a>\n\t\t<\/h3>\n\t\t\t\t<div class=\"elementor-post__excerpt\">\n\t\t\t<p>Obera LLC re\u00e7oit le prix du m\u00e9daillon HIRE Vets 2021 du d\u00e9partement am\u00e9ricain du Travail \u00a0 Le secr\u00e9taire am\u00e9ricain au Travail, Martin J. Walsh, a reconnu Obera LLC comme l'un des 849 r\u00e9cipiendaires du prix HIRE Vets Medallion 2021 lors d'une c\u00e9r\u00e9monie de remise virtuelle des prix pr\u00e9sent\u00e9e par le d\u00e9partement am\u00e9ricain du Travail. Obera LLC a remport\u00e9 le prix d'or<\/p>\n\t\t<\/div>\n\t\t\t\t\t<div class=\"elementor-post__read-more-wrapper\">\n\t\t\n\t\t<a class=\"elementor-post__read-more\" href=\"https:\/\/oberallc.com\/fr\/obera-llc-receives-2021-hire-vets-medallion-award\/\" aria-label=\"En savoir plus sur Obera LLC Receives 2021 HIRE Vets Medallion Award From The U.S. Department Of Labor\" tabindex=\"-1\" >\n\t\t\tLire la Suite\t\t<\/a>\n\n\t\t\t\t\t<\/div>\n\t\t\t\t<\/div>\n\t\t\t\t\t<\/div>\n\t\t<\/article>\n\t\t\t\t<article class=\"elementor-post elementor-grid-item post-117821 post type-post status-publish format-standard has-post-thumbnail hentry category-news category-press-release\" role=\"listitem\">\n\t\t\t<div class=\"elementor-post__card\">\n\t\t\t\t<a class=\"elementor-post__thumbnail__link\" href=\"https:\/\/oberallc.com\/fr\/obera-llc-proudly-announces-the-appointment-of-keith-dotts-to-chief-growth-officer\/\" tabindex=\"-1\" ><div class=\"elementor-post__thumbnail\"><img decoding=\"async\" width=\"1024\" height=\"512\" data-src=\"https:\/\/oberallc.com\/wp-content\/uploads\/2021\/11\/DOTTS.png\" class=\"attachment-full size-full wp-image-117822 lazyload\" alt=\"\" src=\"data:image\/svg+xml;base64,PHN2ZyB3aWR0aD0iMSIgaGVpZ2h0PSIxIiB4bWxucz0iaHR0cDovL3d3dy53My5vcmcvMjAwMC9zdmciPjwvc3ZnPg==\" style=\"--smush-placeholder-width: 1024px; --smush-placeholder-aspect-ratio: 1024\/512;\" \/><\/div><\/a>\n\t\t\t\t<div class=\"elementor-post__text\">\n\t\t\t\t<h3 class=\"elementor-post__title\">\n\t\t\t<a href=\"https:\/\/oberallc.com\/fr\/obera-llc-proudly-announces-the-appointment-of-keith-dotts-to-chief-growth-officer\/\" >\n\t\t\t\tObera LLC est fi\u00e8re d'annoncer la nomination de Keith Dotts au poste de directeur de la croissance\t\t\t<\/a>\n\t\t<\/h3>\n\t\t\t\t<div class=\"elementor-post__excerpt\">\n\t\t\t<p>HERNDON, Virginie. -\u00a0Obera LLC a annonc\u00e9 la nomination de Keith Dotts au poste de Chief Growth Officer (CGO). \u00ab Cela se pr\u00e9pare depuis un certain temps maintenant \u00bb, a expliqu\u00e9 John Richardson (PDG). \u00abAyant travaill\u00e9 avec Keith pendant 5 ans, cela a \u00e9t\u00e9 tout un voyage pour nous, tant sur le plan professionnel que personnel. C'est un leader exceptionnel<\/p>\n\t\t<\/div>\n\t\t\t\t\t<div class=\"elementor-post__read-more-wrapper\">\n\t\t\n\t\t<a class=\"elementor-post__read-more\" href=\"https:\/\/oberallc.com\/fr\/obera-llc-proudly-announces-the-appointment-of-keith-dotts-to-chief-growth-officer\/\" aria-label=\"En savoir plus sur Obera LLC Proudly Announces the Appointment of Keith Dotts to Chief Growth Officer\" tabindex=\"-1\" >\n\t\t\tLire la Suite\t\t<\/a>\n\n\t\t\t\t\t<\/div>\n\t\t\t\t<\/div>\n\t\t\t\t\t<\/div>\n\t\t<\/article>\n\t\t\t\t<\/div>\n\t\t\t\t\t<span class=\"e-load-more-spinner\">\n\t\t\t\t<i aria-hidden=\"true\" class=\"fas fa-spinner\"><\/i>\t\t\t<\/span>\n\t\t\n\t\t\t\t<div class=\"e-load-more-anchor\" data-page=\"1\" data-max-page=\"5\" data-next-page=\"https:\/\/oberallc.com\/fr\/wp-json\/wp\/v2\/pages\/115697\/page\/2\/\"><\/div>\n\t\t\t\t<div class=\"elementor-button-wrapper\">\n\t\t\t<a class=\"elementor-button elementor-size-sm\" role=\"button\">\n\t\t\t\t\t\t<span class=\"elementor-button-content-wrapper\">\n\t\t\t\t\t\t\t\t\t<span class=\"elementor-button-text\">Charger plus<\/span>\n\t\t\t\t\t<\/span>\n\t\t\t\t\t<\/a>\n\t\t<\/div>\n\t\t\t\t<div class=\"e-load-more-message\"><\/div>\n\t\t\t\t\t\t<\/div>\n\t\t\t\t<\/div>\n\t\t\t\t\t<\/div>\n\t\t<\/div>\n\t\t\t\t\t<\/div>\n\t\t<\/section>\n\t\t\t\t<\/div>","protected":false},"excerpt":{"rendered":"","protected":false},"author":16,"featured_media":116368,"parent":0,"menu_order":0,"comment_status":"closed","ping_status":"closed","template":"","meta":{"_monsterinsights_skip_tracking":false,"_monsterinsights_sitenote_active":false,"_monsterinsights_sitenote_note":"","_monsterinsights_sitenote_category":0,"site-sidebar-layout":"no-sidebar","site-content-layout":"page-builder","ast-site-content-layout":"default","site-content-style":"default","site-sidebar-style":"default","ast-global-header-display":"","ast-banner-title-visibility":"","ast-main-header-display":"","ast-hfb-above-header-display":"","ast-hfb-below-header-display":"","ast-hfb-mobile-header-display":"","site-post-title":"disabled","ast-breadcrumbs-content":"","ast-featured-img":"disabled","footer-sml-layout":"","ast-disable-related-posts":"","theme-transparent-header-meta":"default","adv-header-id-meta":null,"stick-header-meta":"default","header-above-stick-meta":"","header-main-stick-meta":"","header-below-stick-meta":"","astra-migrate-meta-layouts":"default","ast-page-background-enabled":"default","ast-page-background-meta":{"desktop":{"background-color":"var(--ast-global-color-4)","background-image":"","background-repeat":"repeat","background-position":"center center","background-size":"auto","background-attachment":"scroll","background-type":"","background-media":"","overlay-type":"","overlay-color":"","overlay-opacity":"","overlay-gradient":""},"tablet":{"background-color":"","background-image":"","background-repeat":"repeat","background-position":"center center","background-size":"auto","background-attachment":"scroll","background-type":"","background-media":"","overlay-type":"","overlay-color":"","overlay-opacity":"","overlay-gradient":""},"mobile":{"background-color":"","background-image":"","background-repeat":"repeat","background-position":"center center","background-size":"auto","background-attachment":"scroll","background-type":"","background-media":"","overlay-type":"","overlay-color":"","overlay-opacity":"","overlay-gradient":""}},"ast-content-background-meta":{"desktop":{"background-color":"var(--ast-global-color-5)","background-image":"","background-repeat":"repeat","background-position":"center center","background-size":"auto","background-attachment":"scroll","background-type":"","background-media":"","overlay-type":"","overlay-color":"","overlay-opacity":"","overlay-gradient":""},"tablet":{"background-color":"var(--ast-global-color-5)","background-image":"","background-repeat":"repeat","background-position":"center center","background-size":"auto","background-attachment":"scroll","background-type":"","background-media":"","overlay-type":"","overlay-color":"","overlay-opacity":"","overlay-gradient":""},"mobile":{"background-color":"var(--ast-global-color-5)","background-image":"","background-repeat":"repeat","background-position":"center center","background-size":"auto","background-attachment":"scroll","background-type":"","background-media":"","overlay-type":"","overlay-color":"","overlay-opacity":"","overlay-gradient":""}},"footnotes":""},"class_list":["post-115697","page","type-page","status-publish","has-post-thumbnail","hentry"],"yoast_head":"<!-- This site is optimized with the Yoast SEO plugin v26.5 - https:\/\/yoast.com\/wordpress\/plugins\/seo\/ -->\n<title>Media Center - Global Solutions | Obera LLC<\/title>\n<meta name=\"robots\" content=\"index, follow, max-snippet:-1, max-image-preview:large, max-video-preview:-1\" \/>\n<link rel=\"canonical\" href=\"https:\/\/hotpink-leopard-711048.hostingersite.com\/media-center\/\" \/>\n<meta property=\"og:locale\" content=\"fr_FR\" \/>\n<meta property=\"og:type\" content=\"article\" \/>\n<meta property=\"og:title\" content=\"Media Center - Global Solutions | Obera LLC\" \/>\n<meta property=\"og:url\" content=\"https:\/\/hotpink-leopard-711048.hostingersite.com\/media-center\/\" \/>\n<meta property=\"og:site_name\" content=\"Global Solutions | Obera LLC\" \/>\n<meta property=\"article:modified_time\" content=\"2022-11-08T13:54:45+00:00\" \/>\n<meta property=\"og:image\" content=\"https:\/\/hotpink-leopard-711048.hostingersite.com\/wp-content\/uploads\/2019\/05\/Media-Center-Featured-Image.jpg\" \/>\n\t<meta property=\"og:image:width\" content=\"1160\" \/>\n\t<meta property=\"og:image:height\" content=\"232\" \/>\n\t<meta property=\"og:image:type\" content=\"image\/jpeg\" \/>\n<meta name=\"twitter:card\" content=\"summary_large_image\" \/>\n<script type=\"application\/ld+json\" class=\"yoast-schema-graph\">{\"@context\":\"https:\/\/schema.org\",\"@graph\":[{\"@type\":\"WebPage\",\"@id\":\"https:\/\/hotpink-leopard-711048.hostingersite.com\/media-center\/\",\"url\":\"https:\/\/hotpink-leopard-711048.hostingersite.com\/media-center\/\",\"name\":\"Media Center - Global Solutions | Obera LLC\",\"isPartOf\":{\"@id\":\"https:\/\/oberallc.com\/#website\"},\"primaryImageOfPage\":{\"@id\":\"https:\/\/hotpink-leopard-711048.hostingersite.com\/media-center\/#primaryimage\"},\"image\":{\"@id\":\"https:\/\/hotpink-leopard-711048.hostingersite.com\/media-center\/#primaryimage\"},\"thumbnailUrl\":\"https:\/\/oberallc.com\/wp-content\/uploads\/2019\/05\/Media-Center-Featured-Image.jpg\",\"datePublished\":\"2018-11-01T18:14:30+00:00\",\"dateModified\":\"2022-11-08T13:54:45+00:00\",\"breadcrumb\":{\"@id\":\"https:\/\/hotpink-leopard-711048.hostingersite.com\/media-center\/#breadcrumb\"},\"inLanguage\":\"fr-FR\",\"potentialAction\":[{\"@type\":\"ReadAction\",\"target\":[\"https:\/\/hotpink-leopard-711048.hostingersite.com\/media-center\/\"]}]},{\"@type\":\"ImageObject\",\"inLanguage\":\"fr-FR\",\"@id\":\"https:\/\/hotpink-leopard-711048.hostingersite.com\/media-center\/#primaryimage\",\"url\":\"https:\/\/oberallc.com\/wp-content\/uploads\/2019\/05\/Media-Center-Featured-Image.jpg\",\"contentUrl\":\"https:\/\/oberallc.com\/wp-content\/uploads\/2019\/05\/Media-Center-Featured-Image.jpg\",\"width\":1160,\"height\":232},{\"@type\":\"BreadcrumbList\",\"@id\":\"https:\/\/hotpink-leopard-711048.hostingersite.com\/media-center\/#breadcrumb\",\"itemListElement\":[{\"@type\":\"ListItem\",\"position\":1,\"name\":\"Home\",\"item\":\"https:\/\/oberallc.com\/fr\/\"},{\"@type\":\"ListItem\",\"position\":2,\"name\":\"Media Center\"}]},{\"@type\":\"WebSite\",\"@id\":\"https:\/\/oberallc.com\/#website\",\"url\":\"https:\/\/oberallc.com\/\",\"name\":\"Global Solutions | Obera LLC\",\"description\":\"Delivering Solutions\",\"potentialAction\":[{\"@type\":\"SearchAction\",\"target\":{\"@type\":\"EntryPoint\",\"urlTemplate\":\"https:\/\/oberallc.com\/?s={search_term_string}\"},\"query-input\":{\"@type\":\"PropertyValueSpecification\",\"valueRequired\":true,\"valueName\":\"search_term_string\"}}],\"inLanguage\":\"fr-FR\"}]}<\/script>\n<!-- \/ Yoast SEO plugin. -->","yoast_head_json":{"title":"Media Center - Global Solutions | Obera LLC","robots":{"index":"index","follow":"follow","max-snippet":"max-snippet:-1","max-image-preview":"max-image-preview:large","max-video-preview":"max-video-preview:-1"},"canonical":"https:\/\/hotpink-leopard-711048.hostingersite.com\/media-center\/","og_locale":"fr_FR","og_type":"article","og_title":"Media Center - Global Solutions | Obera LLC","og_url":"https:\/\/hotpink-leopard-711048.hostingersite.com\/media-center\/","og_site_name":"Global Solutions | Obera LLC","article_modified_time":"2022-11-08T13:54:45+00:00","og_image":[{"width":1160,"height":232,"url":"https:\/\/hotpink-leopard-711048.hostingersite.com\/wp-content\/uploads\/2019\/05\/Media-Center-Featured-Image.jpg","type":"image\/jpeg"}],"twitter_card":"summary_large_image","schema":{"@context":"https:\/\/schema.org","@graph":[{"@type":"WebPage","@id":"https:\/\/hotpink-leopard-711048.hostingersite.com\/media-center\/","url":"https:\/\/hotpink-leopard-711048.hostingersite.com\/media-center\/","name":"Media Center - Global Solutions | Obera LLC","isPartOf":{"@id":"https:\/\/oberallc.com\/#website"},"primaryImageOfPage":{"@id":"https:\/\/hotpink-leopard-711048.hostingersite.com\/media-center\/#primaryimage"},"image":{"@id":"https:\/\/hotpink-leopard-711048.hostingersite.com\/media-center\/#primaryimage"},"thumbnailUrl":"https:\/\/oberallc.com\/wp-content\/uploads\/2019\/05\/Media-Center-Featured-Image.jpg","datePublished":"2018-11-01T18:14:30+00:00","dateModified":"2022-11-08T13:54:45+00:00","breadcrumb":{"@id":"https:\/\/hotpink-leopard-711048.hostingersite.com\/media-center\/#breadcrumb"},"inLanguage":"fr-FR","potentialAction":[{"@type":"ReadAction","target":["https:\/\/hotpink-leopard-711048.hostingersite.com\/media-center\/"]}]},{"@type":"ImageObject","inLanguage":"fr-FR","@id":"https:\/\/hotpink-leopard-711048.hostingersite.com\/media-center\/#primaryimage","url":"https:\/\/oberallc.com\/wp-content\/uploads\/2019\/05\/Media-Center-Featured-Image.jpg","contentUrl":"https:\/\/oberallc.com\/wp-content\/uploads\/2019\/05\/Media-Center-Featured-Image.jpg","width":1160,"height":232},{"@type":"BreadcrumbList","@id":"https:\/\/hotpink-leopard-711048.hostingersite.com\/media-center\/#breadcrumb","itemListElement":[{"@type":"ListItem","position":1,"name":"Home","item":"https:\/\/oberallc.com\/fr\/"},{"@type":"ListItem","position":2,"name":"Media Center"}]},{"@type":"WebSite","@id":"https:\/\/oberallc.com\/#website","url":"https:\/\/oberallc.com\/","name":"Global Solutions | Obera LLC","description":"Delivering Solutions","potentialAction":[{"@type":"SearchAction","target":{"@type":"EntryPoint","urlTemplate":"https:\/\/oberallc.com\/?s={search_term_string}"},"query-input":{"@type":"PropertyValueSpecification","valueRequired":true,"valueName":"search_term_string"}}],"inLanguage":"fr-FR"}]}},"_hostinger_reach_plugin_has_subscription_block":false,"_hostinger_reach_plugin_is_elementor":false,"_links":{"self":[{"href":"https:\/\/oberallc.com\/fr\/wp-json\/wp\/v2\/pages\/115697","targetHints":{"allow":["GET"]}}],"collection":[{"href":"https:\/\/oberallc.com\/fr\/wp-json\/wp\/v2\/pages"}],"about":[{"href":"https:\/\/oberallc.com\/fr\/wp-json\/wp\/v2\/types\/page"}],"author":[{"embeddable":true,"href":"https:\/\/oberallc.com\/fr\/wp-json\/wp\/v2\/users\/16"}],"replies":[{"embeddable":true,"href":"https:\/\/oberallc.com\/fr\/wp-json\/wp\/v2\/comments?post=115697"}],"version-history":[{"count":0,"href":"https:\/\/oberallc.com\/fr\/wp-json\/wp\/v2\/pages\/115697\/revisions"}],"wp:featuredmedia":[{"embeddable":true,"href":"https:\/\/oberallc.com\/fr\/wp-json\/wp\/v2\/media\/116368"}],"wp:attachment":[{"href":"https:\/\/oberallc.com\/fr\/wp-json\/wp\/v2\/media?parent=115697"}],"curies":[{"name":"wp","href":"https:\/\/api.w.org\/{rel}","templated":true}]}}