{"id":116005,"date":"2019-05-02T11:57:03","date_gmt":"2019-05-02T15:57:03","guid":{"rendered":"https:\/\/hotpink-leopard-711048.hostingersite.com\/?page_id=116005"},"modified":"2022-11-18T15:52:15","modified_gmt":"2022-11-18T20:52:15","slug":"supply-chain-management","status":"publish","type":"page","link":"https:\/\/oberallc.com\/fr\/what-we-do\/supply-chain-management\/","title":{"rendered":"Gestion de la Cha\u00eene Logistique"},"content":{"rendered":"<div data-elementor-type=\"wp-page\" data-elementor-id=\"116005\" class=\"elementor elementor-116005\" data-elementor-post-type=\"page\">\n\t\t\t\t\t\t<section class=\"elementor-section elementor-top-section elementor-element elementor-element-205051f elementor-section-height-min-height elementor-section-boxed elementor-section-height-default elementor-section-items-middle\" data-id=\"205051f\" data-element_type=\"section\" data-e-type=\"section\" data-settings=\"{&quot;jet_parallax_layout_list&quot;:[],&quot;background_background&quot;:&quot;classic&quot;}\">\n\t\t\t\t\t\t\t<div class=\"elementor-background-overlay\"><\/div>\n\t\t\t\t\t\t\t<div class=\"elementor-container elementor-column-gap-no\">\n\t\t\t\t\t<div class=\"elementor-column elementor-col-100 elementor-top-column elementor-element elementor-element-978d4fa\" data-id=\"978d4fa\" data-element_type=\"column\" data-e-type=\"column\">\n\t\t\t<div class=\"elementor-widget-wrap elementor-element-populated\">\n\t\t\t\t\t\t\t<\/div>\n\t\t<\/div>\n\t\t\t\t\t<\/div>\n\t\t<\/section>\n\t\t\t\t<section class=\"elementor-section elementor-top-section elementor-element elementor-element-240f8d8b elementor-section-boxed elementor-section-height-default elementor-section-height-default\" data-id=\"240f8d8b\" data-element_type=\"section\" data-e-type=\"section\" data-settings=\"{&quot;jet_parallax_layout_list&quot;:[]}\">\n\t\t\t\t\t\t<div class=\"elementor-container elementor-column-gap-no\">\n\t\t\t\t\t<div class=\"elementor-column elementor-col-100 elementor-top-column elementor-element elementor-element-1bc3440d\" data-id=\"1bc3440d\" data-element_type=\"column\" data-e-type=\"column\">\n\t\t\t<div class=\"elementor-widget-wrap elementor-element-populated\">\n\t\t\t\t\t\t<div class=\"elementor-element elementor-element-094cd50 elementor-widget__width-initial elementor-widget-tablet__width-inherit elementor-widget elementor-widget-text-editor\" data-id=\"094cd50\" data-element_type=\"widget\" data-e-type=\"widget\" data-widget_type=\"text-editor.default\">\n\t\t\t\t<div class=\"elementor-widget-container\">\n\t\t\t\t\t\t\t\t\t<p>Obera source et offre un catalogue diversifi\u00e9 d\u2019\u00e9quipements et de mat\u00e9riels r\u00e9pondant aux besoins op\u00e9rationnels les plus exigeants \u00e0 travers le globe.<\/p>\t\t\t\t\t\t\t\t<\/div>\n\t\t\t\t<\/div>\n\t\t\t\t<div class=\"elementor-element elementor-element-c3a2d13 elementor-widget elementor-widget-heading\" data-id=\"c3a2d13\" data-element_type=\"widget\" data-e-type=\"widget\" data-widget_type=\"heading.default\">\n\t\t\t\t<div class=\"elementor-widget-container\">\n\t\t\t\t\t<h2 class=\"elementor-heading-title elementor-size-default\">Nos produits sont<\/h2>\t\t\t\t<\/div>\n\t\t\t\t<\/div>\n\t\t\t\t<div class=\"elementor-element elementor-element-b48c5ec elementor-widget-divider--view-line elementor-widget elementor-widget-divider\" data-id=\"b48c5ec\" data-element_type=\"widget\" data-e-type=\"widget\" data-widget_type=\"divider.default\">\n\t\t\t\t<div class=\"elementor-widget-container\">\n\t\t\t\t\t\t\t<div class=\"elementor-divider\">\n\t\t\t<span class=\"elementor-divider-separator\">\n\t\t\t\t\t\t<\/span>\n\t\t<\/div>\n\t\t\t\t\t\t<\/div>\n\t\t\t\t<\/div>\n\t\t\t\t<div class=\"elementor-element elementor-element-36e37d0 elementor-widget elementor-widget-text-editor\" data-id=\"36e37d0\" data-element_type=\"widget\" data-e-type=\"widget\" data-widget_type=\"text-editor.default\">\n\t\t\t\t<div class=\"elementor-widget-container\">\n\t\t\t\t\t\t\t\t\t<ul><li>Sont achet\u00e9s et livr\u00e9s pour r\u00e9pondre aux performances optimales et durabilit\u00e9 dans des endroits \u00e9loign\u00e9s ou aust\u00e8res.<\/li><li>Sp\u00e9cifiquement, ils sont pr\u00e9par\u00e9s et document\u00e9s pour l\u2019exp\u00e9dition vers les destinations locales (CONUS-\u00c0 L\u2019int\u00e9rieur des USA) et internationales (OCONUS).<\/li><li>Conformes aux r\u00e8glementations des \u00c9tats-Unis sur l\u2019exportation et l\u2019importation<\/li><li>Services de livraison jusqu\u2019au dernier kilom\u00e8tre , d\u2019installation, de formation et de maintenance<\/li><li>Dispositions\u201dBerry Amendment\u201d disponibles \u00e0 la demande<\/li><li>Partenariats avec des fournisseurs locaux et internationaux<\/li><\/ul>\t\t\t\t\t\t\t\t<\/div>\n\t\t\t\t<\/div>\n\t\t\t\t<div class=\"elementor-element elementor-element-2884aa5 elementor-widget elementor-widget-heading\" data-id=\"2884aa5\" data-element_type=\"widget\" data-e-type=\"widget\" data-widget_type=\"heading.default\">\n\t\t\t\t<div class=\"elementor-widget-container\">\n\t\t\t\t\t<h2 class=\"elementor-heading-title elementor-size-default\">Obera est \u00e9galement sp\u00e9cialis\u00e9 dans l\u2019offre et la livraison de:<\/h2>\t\t\t\t<\/div>\n\t\t\t\t<\/div>\n\t\t\t\t<div class=\"elementor-element elementor-element-37fea33 elementor-widget-divider--view-line elementor-widget elementor-widget-divider\" data-id=\"37fea33\" data-element_type=\"widget\" data-e-type=\"widget\" data-widget_type=\"divider.default\">\n\t\t\t\t<div class=\"elementor-widget-container\">\n\t\t\t\t\t\t\t<div class=\"elementor-divider\">\n\t\t\t<span class=\"elementor-divider-separator\">\n\t\t\t\t\t\t<\/span>\n\t\t<\/div>\n\t\t\t\t\t\t<\/div>\n\t\t\t\t<\/div>\n\t\t\t\t<div class=\"elementor-element elementor-element-d8b79b0 elementor-widget elementor-widget-text-editor\" data-id=\"d8b79b0\" data-element_type=\"widget\" data-e-type=\"widget\" data-widget_type=\"text-editor.default\">\n\t\t\t\t<div class=\"elementor-widget-container\">\n\t\t\t\t\t\t\t\t\t<ul><li>\u00c9quipements de communication et accessoires<\/li><li>V\u00e9hicules incluant les v\u00e9hicules non tactiques, tactiques, utilitaires sp\u00e9ciaux et tout terrains<\/li><li>\u00c9quipements de Protection Personnel et Tactiques<\/li><li>Mat\u00e9riels et Logiciels informatiques<\/li><li>Mat\u00e9riels de soutien aux op\u00e9rations de bases<\/li><li>Pi\u00e8ces de rechange OEM ( Allant de petits composants \u00e9lectroniques aux \u00e9quipements lourds et v\u00e9hicules)<\/li><li>Mat\u00e9riaux et outillages de construction<\/li><li>Mat\u00e9riel de d\u00e9tection (stup\u00e9fiants, CBRNE)<\/li><li>Production d\u2019eau<\/li><li>Production d\u2019\u00e9nergie (Solaire \/ \u00c9olienne \/ Groupes \u00e9lectrog\u00e8nes)<\/li><li>H\u00e9bergement temporaire, soutiens et op\u00e9rations d\u2019installations<\/li><li>Solutions de Gestion d\u2019Identit\u00e9s<\/li><\/ul>\t\t\t\t\t\t\t\t<\/div>\n\t\t\t\t<\/div>\n\t\t\t\t\t<\/div>\n\t\t<\/div>\n\t\t\t\t\t<\/div>\n\t\t<\/section>\n\t\t\t\t<section class=\"elementor-section elementor-top-section elementor-element elementor-element-7b0ed7ba elementor-section-boxed elementor-section-height-default elementor-section-height-default\" data-id=\"7b0ed7ba\" data-element_type=\"section\" data-e-type=\"section\" data-settings=\"{&quot;jet_parallax_layout_list&quot;:[],&quot;background_background&quot;:&quot;classic&quot;,&quot;shape_divider_top&quot;:&quot;triangle&quot;}\">\n\t\t\t\t\t\t\t<div class=\"elementor-background-overlay\"><\/div>\n\t\t\t\t\t\t<div class=\"elementor-shape elementor-shape-top\" aria-hidden=\"true\" data-negative=\"false\">\n\t\t\t<svg xmlns=\"http:\/\/www.w3.org\/2000\/svg\" viewbox=\"0 0 1000 100\" preserveaspectratio=\"none\">\n\t<path class=\"elementor-shape-fill\" d=\"M500,98.9L0,6.1V0h1000v6.1L500,98.9z\"\/>\n<\/svg>\t\t<\/div>\n\t\t\t\t\t<div class=\"elementor-container elementor-column-gap-no\">\n\t\t\t\t\t<div class=\"elementor-column elementor-col-100 elementor-top-column elementor-element elementor-element-642c854a\" data-id=\"642c854a\" data-element_type=\"column\" data-e-type=\"column\">\n\t\t\t<div class=\"elementor-widget-wrap elementor-element-populated\">\n\t\t\t\t\t\t<div class=\"elementor-element elementor-element-335866cd elementor-widget elementor-widget-heading\" data-id=\"335866cd\" data-element_type=\"widget\" data-e-type=\"widget\" data-widget_type=\"heading.default\">\n\t\t\t\t<div class=\"elementor-widget-container\">\n\t\t\t\t\t<h2 class=\"elementor-heading-title elementor-size-default\">Performances Ant\u00e9rieures<\/h2>\t\t\t\t<\/div>\n\t\t\t\t<\/div>\n\t\t\t\t<div class=\"elementor-element elementor-element-1e56abc6 elementor-widget-divider--view-line elementor-widget elementor-widget-divider\" data-id=\"1e56abc6\" data-element_type=\"widget\" data-e-type=\"widget\" data-widget_type=\"divider.default\">\n\t\t\t\t<div class=\"elementor-widget-container\">\n\t\t\t\t\t\t\t<div class=\"elementor-divider\">\n\t\t\t<span class=\"elementor-divider-separator\">\n\t\t\t\t\t\t<\/span>\n\t\t<\/div>\n\t\t\t\t\t\t<\/div>\n\t\t\t\t<\/div>\n\t\t\t\t<div class=\"elementor-element elementor-element-771016e5 elementor-widget elementor-widget-text-editor\" data-id=\"771016e5\" data-element_type=\"widget\" data-e-type=\"widget\" data-widget_type=\"text-editor.default\">\n\t\t\t\t<div class=\"elementor-widget-container\">\n\t\t\t\t\t\t\t\t\t<ul><li>Optimisation des prestations 4PL pour \u00e9quipement fourni par le gouvernement \u2013 Tadjikistan<\/li><li>\u00c9quipement et mat\u00e9riel de traitement de l\u2019information d\u2019US-AFRICOM \u2013 Kenya, S\u00e9n\u00e9gal, Ghana, Tanzanie<\/li><li>\u00c9quipement et mat\u00e9riel de traitement de l\u2019information d\u2019US-SOUTHCOM- Guatemala<\/li><li>\u00c9quipements Auxiliaires (TCU &amp; Shurabad) \u2013 Tadjikistan<\/li><li>Mat\u00e9riel de soutien \u00e0 la lutte contre les stup\u00e9fiants \u2013 Colombie<\/li><li>Soutien du D\u00e9partement d\u2019\u00c9tat avec la Technologie Biom\u00e9trique \u2013 Mexique<\/li><li>Centre de maintenance et pi\u00e8ces de rechange de syst\u00e8mes de Radios-Tadjikistan<\/li><li>Syst\u00e8mes d\u2019A\u00e9ronefs sans Pilote \u2013 Kenya<\/li><li>Mat\u00e9riel de soutien \u00e0 la lutte contre les stup\u00e9fiants \u2013 Pakistan<\/li><li>Mat\u00e9riel de soutien \u00e0 la lutte contre les stup\u00e9fiants-Ghana, Togo, B\u00e9nin<\/li><li>Soutien \u00e0 la Formation sur du Mat\u00e9riel de lutte contre les stup\u00e9fiants et d\u2019Application de la Loi d\u2019US-AFRICOM- Nig\u00e9ria<\/li><li>Services logistiques pour \u00e9quipement de communication au profit de Verizon \u2013 Am\u00e9rique centrale<\/li><\/ul>\t\t\t\t\t\t\t\t<\/div>\n\t\t\t\t<\/div>\n\t\t\t\t<div class=\"elementor-element elementor-element-a01d0cb elementor-widget elementor-widget-spacer\" data-id=\"a01d0cb\" data-element_type=\"widget\" data-e-type=\"widget\" data-widget_type=\"spacer.default\">\n\t\t\t\t<div class=\"elementor-widget-container\">\n\t\t\t\t\t\t\t<div class=\"elementor-spacer\">\n\t\t\t<div class=\"elementor-spacer-inner\"><\/div>\n\t\t<\/div>\n\t\t\t\t\t\t<\/div>\n\t\t\t\t<\/div>\n\t\t\t\t<div class=\"elementor-element elementor-element-89db954 elementor-widget__width-initial elementor-hidden-desktop elementor-hidden-tablet elementor-hidden-mobile elementor-widget elementor-widget-button\" data-id=\"89db954\" data-element_type=\"widget\" data-e-type=\"widget\" data-widget_type=\"button.default\">\n\t\t\t\t<div class=\"elementor-widget-container\">\n\t\t\t\t\t\t\t\t\t<div class=\"elementor-button-wrapper\">\n\t\t\t\t\t<a class=\"elementor-button elementor-button-link elementor-size-sm\" href=\"#\">\n\t\t\t\t\t\t<span class=\"elementor-button-content-wrapper\">\n\t\t\t\t\t\t\t\t\t<span class=\"elementor-button-text\">Click here<\/span>\n\t\t\t\t\t<\/span>\n\t\t\t\t\t<\/a>\n\t\t\t\t<\/div>\n\t\t\t\t\t\t\t\t<\/div>\n\t\t\t\t<\/div>\n\t\t\t\t<div class=\"elementor-element elementor-element-57d488ca elementor-widget__width-initial elementor-hidden-desktop elementor-hidden-tablet elementor-hidden-mobile elementor-widget elementor-widget-button\" data-id=\"57d488ca\" data-element_type=\"widget\" data-e-type=\"widget\" data-widget_type=\"button.default\">\n\t\t\t\t<div class=\"elementor-widget-container\">\n\t\t\t\t\t\t\t\t\t<div class=\"elementor-button-wrapper\">\n\t\t\t\t\t<a class=\"elementor-button elementor-button-link elementor-size-sm\" href=\"#\">\n\t\t\t\t\t\t<span class=\"elementor-button-content-wrapper\">\n\t\t\t\t\t\t\t\t\t<span class=\"elementor-button-text\">Click here<\/span>\n\t\t\t\t\t<\/span>\n\t\t\t\t\t<\/a>\n\t\t\t\t<\/div>\n\t\t\t\t\t\t\t\t<\/div>\n\t\t\t\t<\/div>\n\t\t\t\t\t<\/div>\n\t\t<\/div>\n\t\t\t\t\t<\/div>\n\t\t<\/section>\n\t\t\t\t<\/div>","protected":false},"excerpt":{"rendered":"<p>Obera sources and delivers a diverse catalog of equipment and material to meet demanding operational needs around the globe. Our products are Sourced for optimal performance and sustainability in remote or austere locations. Specifically, prepared and documented for shipment to CONUS and OCONUS destinations. Compliant with US and Partner Nation Export and Import Regulations Last [&hellip;]<\/p>","protected":false},"author":16,"featured_media":116374,"parent":118191,"menu_order":0,"comment_status":"closed","ping_status":"closed","template":"","meta":{"_monsterinsights_skip_tracking":false,"_monsterinsights_sitenote_active":false,"_monsterinsights_sitenote_note":"","_monsterinsights_sitenote_category":0,"site-sidebar-layout":"default","site-content-layout":"default","ast-site-content-layout":"default","site-content-style":"default","site-sidebar-style":"default","ast-global-header-display":"","ast-banner-title-visibility":"","ast-main-header-display":"","ast-hfb-above-header-display":"","ast-hfb-below-header-display":"","ast-hfb-mobile-header-display":"","site-post-title":"","ast-breadcrumbs-content":"","ast-featured-img":"","footer-sml-layout":"","ast-disable-related-posts":"","theme-transparent-header-meta":"default","adv-header-id-meta":null,"stick-header-meta":"default","header-above-stick-meta":"","header-main-stick-meta":"","header-below-stick-meta":"","astra-migrate-meta-layouts":"default","ast-page-background-enabled":"default","ast-page-background-meta":{"desktop":{"background-color":"var(--ast-global-color-4)","background-image":"","background-repeat":"repeat","background-position":"center center","background-size":"auto","background-attachment":"scroll","background-type":"","background-media":"","overlay-type":"","overlay-color":"","overlay-opacity":"","overlay-gradient":""},"tablet":{"background-color":"","background-image":"","background-repeat":"repeat","background-position":"center center","background-size":"auto","background-attachment":"scroll","background-type":"","background-media":"","overlay-type":"","overlay-color":"","overlay-opacity":"","overlay-gradient":""},"mobile":{"background-color":"","background-image":"","background-repeat":"repeat","background-position":"center center","background-size":"auto","background-attachment":"scroll","background-type":"","background-media":"","overlay-type":"","overlay-color":"","overlay-opacity":"","overlay-gradient":""}},"ast-content-background-meta":{"desktop":{"background-color":"var(--ast-global-color-5)","background-image":"","background-repeat":"repeat","background-position":"center center","background-size":"auto","background-attachment":"scroll","background-type":"","background-media":"","overlay-type":"","overlay-color":"","overlay-opacity":"","overlay-gradient":""},"tablet":{"background-color":"var(--ast-global-color-5)","background-image":"","background-repeat":"repeat","background-position":"center center","background-size":"auto","background-attachment":"scroll","background-type":"","background-media":"","overlay-type":"","overlay-color":"","overlay-opacity":"","overlay-gradient":""},"mobile":{"background-color":"var(--ast-global-color-5)","background-image":"","background-repeat":"repeat","background-position":"center center","background-size":"auto","background-attachment":"scroll","background-type":"","background-media":"","overlay-type":"","overlay-color":"","overlay-opacity":"","overlay-gradient":""}},"footnotes":""},"class_list":["post-116005","page","type-page","status-publish","has-post-thumbnail","hentry"],"yoast_head":"<!-- This site is optimized with the Yoast SEO plugin v27.4 - https:\/\/yoast.com\/product\/yoast-seo-wordpress\/ -->\n<title>Supply Chain Management - Global Solutions | Obera LLC<\/title>\n<meta name=\"robots\" content=\"index, follow, max-snippet:-1, max-image-preview:large, max-video-preview:-1\" \/>\n<link rel=\"canonical\" href=\"https:\/\/oberallc.com\/fr\/what-we-do\/supply-chain-management\/\" \/>\n<meta property=\"og:locale\" content=\"fr_FR\" \/>\n<meta property=\"og:type\" content=\"article\" \/>\n<meta property=\"og:title\" content=\"Supply Chain Management - Global Solutions | Obera LLC\" \/>\n<meta property=\"og:description\" content=\"Obera sources and delivers a diverse catalog of equipment and material to meet demanding operational needs around the globe. Our products are Sourced for optimal performance and sustainability in remote or austere locations. Specifically, prepared and documented for shipment to CONUS and OCONUS destinations. Compliant with US and Partner Nation Export and Import Regulations Last [&hellip;]\" \/>\n<meta property=\"og:url\" content=\"https:\/\/oberallc.com\/fr\/what-we-do\/supply-chain-management\/\" \/>\n<meta property=\"og:site_name\" content=\"Global Solutions | Obera LLC\" \/>\n<meta property=\"article:modified_time\" content=\"2022-11-18T20:52:15+00:00\" \/>\n<meta property=\"og:image\" content=\"https:\/\/oberallc.com\/wp-content\/uploads\/2019\/05\/Supply-Chain-Featured-Image.jpg\" \/>\n\t<meta property=\"og:image:width\" content=\"1160\" \/>\n\t<meta property=\"og:image:height\" content=\"232\" \/>\n\t<meta property=\"og:image:type\" content=\"image\/jpeg\" \/>\n<meta name=\"twitter:card\" content=\"summary_large_image\" \/>\n<meta name=\"twitter:label1\" content=\"Dur\u00e9e de lecture estim\u00e9e\" \/>\n\t<meta name=\"twitter:data1\" content=\"1 minute\" \/>\n<script type=\"application\/ld+json\" class=\"yoast-schema-graph\">{\"@context\":\"https:\\\/\\\/schema.org\",\"@graph\":[{\"@type\":\"WebPage\",\"@id\":\"https:\\\/\\\/oberallc.com\\\/what-we-do\\\/supply-chain-management\\\/\",\"url\":\"https:\\\/\\\/oberallc.com\\\/what-we-do\\\/supply-chain-management\\\/\",\"name\":\"Supply Chain Management - Global Solutions | Obera LLC\",\"isPartOf\":{\"@id\":\"https:\\\/\\\/oberallc.com\\\/#website\"},\"primaryImageOfPage\":{\"@id\":\"https:\\\/\\\/oberallc.com\\\/what-we-do\\\/supply-chain-management\\\/#primaryimage\"},\"image\":{\"@id\":\"https:\\\/\\\/oberallc.com\\\/what-we-do\\\/supply-chain-management\\\/#primaryimage\"},\"thumbnailUrl\":\"https:\\\/\\\/oberallc.com\\\/wp-content\\\/uploads\\\/2019\\\/05\\\/Supply-Chain-Featured-Image.jpg\",\"datePublished\":\"2019-05-02T15:57:03+00:00\",\"dateModified\":\"2022-11-18T20:52:15+00:00\",\"breadcrumb\":{\"@id\":\"https:\\\/\\\/oberallc.com\\\/what-we-do\\\/supply-chain-management\\\/#breadcrumb\"},\"inLanguage\":\"fr-FR\",\"potentialAction\":[{\"@type\":\"ReadAction\",\"target\":[\"https:\\\/\\\/oberallc.com\\\/what-we-do\\\/supply-chain-management\\\/\"]}]},{\"@type\":\"ImageObject\",\"inLanguage\":\"fr-FR\",\"@id\":\"https:\\\/\\\/oberallc.com\\\/what-we-do\\\/supply-chain-management\\\/#primaryimage\",\"url\":\"https:\\\/\\\/oberallc.com\\\/wp-content\\\/uploads\\\/2019\\\/05\\\/Supply-Chain-Featured-Image.jpg\",\"contentUrl\":\"https:\\\/\\\/oberallc.com\\\/wp-content\\\/uploads\\\/2019\\\/05\\\/Supply-Chain-Featured-Image.jpg\",\"width\":1160,\"height\":232},{\"@type\":\"BreadcrumbList\",\"@id\":\"https:\\\/\\\/oberallc.com\\\/what-we-do\\\/supply-chain-management\\\/#breadcrumb\",\"itemListElement\":[{\"@type\":\"ListItem\",\"position\":1,\"name\":\"Home\",\"item\":\"https:\\\/\\\/hotpink-leopard-711048.hostingersite.com\\\/fr\\\/\"},{\"@type\":\"ListItem\",\"position\":2,\"name\":\"What We Do\",\"item\":\"https:\\\/\\\/oberallc.com\\\/what-we-do\\\/\"},{\"@type\":\"ListItem\",\"position\":3,\"name\":\"Supply Chain Management\"}]},{\"@type\":\"WebSite\",\"@id\":\"https:\\\/\\\/oberallc.com\\\/#website\",\"url\":\"https:\\\/\\\/oberallc.com\\\/\",\"name\":\"Global Solutions | Obera LLC\",\"description\":\"Delivering Solutions\",\"potentialAction\":[{\"@type\":\"SearchAction\",\"target\":{\"@type\":\"EntryPoint\",\"urlTemplate\":\"https:\\\/\\\/oberallc.com\\\/?s={search_term_string}\"},\"query-input\":{\"@type\":\"PropertyValueSpecification\",\"valueRequired\":true,\"valueName\":\"search_term_string\"}}],\"inLanguage\":\"fr-FR\"}]}<\/script>\n<!-- \/ Yoast SEO plugin. -->","yoast_head_json":{"title":"Supply Chain Management - Global Solutions | Obera LLC","robots":{"index":"index","follow":"follow","max-snippet":"max-snippet:-1","max-image-preview":"max-image-preview:large","max-video-preview":"max-video-preview:-1"},"canonical":"https:\/\/oberallc.com\/fr\/what-we-do\/supply-chain-management\/","og_locale":"fr_FR","og_type":"article","og_title":"Supply Chain Management - Global Solutions | Obera LLC","og_description":"Obera sources and delivers a diverse catalog of equipment and material to meet demanding operational needs around the globe. Our products are Sourced for optimal performance and sustainability in remote or austere locations. Specifically, prepared and documented for shipment to CONUS and OCONUS destinations. Compliant with US and Partner Nation Export and Import Regulations Last [&hellip;]","og_url":"https:\/\/oberallc.com\/fr\/what-we-do\/supply-chain-management\/","og_site_name":"Global Solutions | Obera LLC","article_modified_time":"2022-11-18T20:52:15+00:00","og_image":[{"width":1160,"height":232,"url":"https:\/\/oberallc.com\/wp-content\/uploads\/2019\/05\/Supply-Chain-Featured-Image.jpg","type":"image\/jpeg"}],"twitter_card":"summary_large_image","twitter_misc":{"Dur\u00e9e de lecture estim\u00e9e":"1 minute"},"schema":{"@context":"https:\/\/schema.org","@graph":[{"@type":"WebPage","@id":"https:\/\/oberallc.com\/what-we-do\/supply-chain-management\/","url":"https:\/\/oberallc.com\/what-we-do\/supply-chain-management\/","name":"Supply Chain Management - Global Solutions | Obera LLC","isPartOf":{"@id":"https:\/\/oberallc.com\/#website"},"primaryImageOfPage":{"@id":"https:\/\/oberallc.com\/what-we-do\/supply-chain-management\/#primaryimage"},"image":{"@id":"https:\/\/oberallc.com\/what-we-do\/supply-chain-management\/#primaryimage"},"thumbnailUrl":"https:\/\/oberallc.com\/wp-content\/uploads\/2019\/05\/Supply-Chain-Featured-Image.jpg","datePublished":"2019-05-02T15:57:03+00:00","dateModified":"2022-11-18T20:52:15+00:00","breadcrumb":{"@id":"https:\/\/oberallc.com\/what-we-do\/supply-chain-management\/#breadcrumb"},"inLanguage":"fr-FR","potentialAction":[{"@type":"ReadAction","target":["https:\/\/oberallc.com\/what-we-do\/supply-chain-management\/"]}]},{"@type":"ImageObject","inLanguage":"fr-FR","@id":"https:\/\/oberallc.com\/what-we-do\/supply-chain-management\/#primaryimage","url":"https:\/\/oberallc.com\/wp-content\/uploads\/2019\/05\/Supply-Chain-Featured-Image.jpg","contentUrl":"https:\/\/oberallc.com\/wp-content\/uploads\/2019\/05\/Supply-Chain-Featured-Image.jpg","width":1160,"height":232},{"@type":"BreadcrumbList","@id":"https:\/\/oberallc.com\/what-we-do\/supply-chain-management\/#breadcrumb","itemListElement":[{"@type":"ListItem","position":1,"name":"Home","item":"https:\/\/hotpink-leopard-711048.hostingersite.com\/fr\/"},{"@type":"ListItem","position":2,"name":"What We Do","item":"https:\/\/oberallc.com\/what-we-do\/"},{"@type":"ListItem","position":3,"name":"Supply Chain Management"}]},{"@type":"WebSite","@id":"https:\/\/oberallc.com\/#website","url":"https:\/\/oberallc.com\/","name":"Global Solutions | Obera LLC","description":"Delivering Solutions","potentialAction":[{"@type":"SearchAction","target":{"@type":"EntryPoint","urlTemplate":"https:\/\/oberallc.com\/?s={search_term_string}"},"query-input":{"@type":"PropertyValueSpecification","valueRequired":true,"valueName":"search_term_string"}}],"inLanguage":"fr-FR"}]}},"_hostinger_reach_plugin_has_subscription_block":false,"_hostinger_reach_plugin_is_elementor":false,"_links":{"self":[{"href":"https:\/\/oberallc.com\/fr\/wp-json\/wp\/v2\/pages\/116005","targetHints":{"allow":["GET"]}}],"collection":[{"href":"https:\/\/oberallc.com\/fr\/wp-json\/wp\/v2\/pages"}],"about":[{"href":"https:\/\/oberallc.com\/fr\/wp-json\/wp\/v2\/types\/page"}],"author":[{"embeddable":true,"href":"https:\/\/oberallc.com\/fr\/wp-json\/wp\/v2\/users\/16"}],"replies":[{"embeddable":true,"href":"https:\/\/oberallc.com\/fr\/wp-json\/wp\/v2\/comments?post=116005"}],"version-history":[{"count":0,"href":"https:\/\/oberallc.com\/fr\/wp-json\/wp\/v2\/pages\/116005\/revisions"}],"up":[{"embeddable":true,"href":"https:\/\/oberallc.com\/fr\/wp-json\/wp\/v2\/pages\/118191"}],"wp:featuredmedia":[{"embeddable":true,"href":"https:\/\/oberallc.com\/fr\/wp-json\/wp\/v2\/media\/116374"}],"wp:attachment":[{"href":"https:\/\/oberallc.com\/fr\/wp-json\/wp\/v2\/media?parent=116005"}],"curies":[{"name":"wp","href":"https:\/\/api.w.org\/{rel}","templated":true}]}}