{"id":116007,"date":"2019-05-02T11:57:08","date_gmt":"2019-05-02T15:57:08","guid":{"rendered":"https:\/\/hotpink-leopard-711048.hostingersite.com\/?page_id=116007"},"modified":"2022-11-18T16:25:36","modified_gmt":"2022-11-18T21:25:36","slug":"security-operations","status":"publish","type":"page","link":"https:\/\/oberallc.com\/fr\/what-we-do\/security-operations\/","title":{"rendered":"Security Operations"},"content":{"rendered":"<div data-elementor-type=\"wp-page\" data-elementor-id=\"116007\" class=\"elementor elementor-116007\" data-elementor-post-type=\"page\">\n\t\t\t\t\t\t<section class=\"elementor-section elementor-top-section elementor-element elementor-element-87d9a49 elementor-section-height-min-height elementor-section-boxed elementor-section-height-default elementor-section-items-middle\" data-id=\"87d9a49\" data-element_type=\"section\" data-settings=\"{&quot;jet_parallax_layout_list&quot;:[],&quot;background_background&quot;:&quot;classic&quot;}\">\n\t\t\t\t\t\t\t<div class=\"elementor-background-overlay\"><\/div>\n\t\t\t\t\t\t\t<div class=\"elementor-container elementor-column-gap-no\">\n\t\t\t\t\t<div class=\"elementor-column elementor-col-100 elementor-top-column elementor-element elementor-element-3908c1e\" data-id=\"3908c1e\" data-element_type=\"column\">\n\t\t\t<div class=\"elementor-widget-wrap elementor-element-populated\">\n\t\t\t\t\t\t\t<\/div>\n\t\t<\/div>\n\t\t\t\t\t<\/div>\n\t\t<\/section>\n\t\t\t\t<section class=\"elementor-section elementor-top-section elementor-element elementor-element-1c279a2 elementor-section-boxed elementor-section-height-default elementor-section-height-default\" data-id=\"1c279a2\" data-element_type=\"section\" data-settings=\"{&quot;jet_parallax_layout_list&quot;:[]}\">\n\t\t\t\t\t\t<div class=\"elementor-container elementor-column-gap-no\">\n\t\t\t\t\t<div class=\"elementor-column elementor-col-100 elementor-top-column elementor-element elementor-element-56ba931\" data-id=\"56ba931\" data-element_type=\"column\">\n\t\t\t<div class=\"elementor-widget-wrap elementor-element-populated\">\n\t\t\t\t\t\t<div class=\"elementor-element elementor-element-74d2587 elementor-widget__width-initial elementor-widget-tablet__width-inherit elementor-widget elementor-widget-text-editor\" data-id=\"74d2587\" data-element_type=\"widget\" data-widget_type=\"text-editor.default\">\n\t\t\t\t<div class=\"elementor-widget-container\">\n\t\t\t\t\t\t\t\t\t<p>Obera LLC offers a multitude of security and critical infrastructure protection (CIP) solutions. Our comprehensive offerings include security infrastructure design, installation, and implementation, operational training, and physical security personnel.<\/p>\t\t\t\t\t\t\t\t<\/div>\n\t\t\t\t<\/div>\n\t\t\t\t<section class=\"elementor-section elementor-inner-section elementor-element elementor-element-d5b38a8 elementor-section-boxed elementor-section-height-default elementor-section-height-default\" data-id=\"d5b38a8\" data-element_type=\"section\" data-settings=\"{&quot;jet_parallax_layout_list&quot;:[]}\">\n\t\t\t\t\t\t<div class=\"elementor-container elementor-column-gap-no\">\n\t\t\t\t\t<div class=\"elementor-column elementor-col-50 elementor-inner-column elementor-element elementor-element-cbd6770\" data-id=\"cbd6770\" data-element_type=\"column\">\n\t\t\t<div class=\"elementor-widget-wrap elementor-element-populated\">\n\t\t\t\t\t\t<div class=\"elementor-element elementor-element-eba08fe elementor-widget__width-initial elementor-widget-mobile__width-inherit elementor-widget-tablet__width-inherit elementor-widget elementor-widget-heading\" data-id=\"eba08fe\" data-element_type=\"widget\" data-widget_type=\"heading.default\">\n\t\t\t\t<div class=\"elementor-widget-container\">\n\t\t\t\t\t<h2 class=\"elementor-heading-title elementor-size-default\">Obera provides the following expertise in Security Operations<\/h2>\t\t\t\t<\/div>\n\t\t\t\t<\/div>\n\t\t\t\t<div class=\"elementor-element elementor-element-aa52b71 elementor-widget-divider--view-line elementor-widget elementor-widget-divider\" data-id=\"aa52b71\" data-element_type=\"widget\" data-widget_type=\"divider.default\">\n\t\t\t\t<div class=\"elementor-widget-container\">\n\t\t\t\t\t\t\t<div class=\"elementor-divider\">\n\t\t\t<span class=\"elementor-divider-separator\">\n\t\t\t\t\t\t<\/span>\n\t\t<\/div>\n\t\t\t\t\t\t<\/div>\n\t\t\t\t<\/div>\n\t\t\t\t\t<\/div>\n\t\t<\/div>\n\t\t\t\t<div class=\"elementor-column elementor-col-50 elementor-inner-column elementor-element elementor-element-79593dc\" data-id=\"79593dc\" data-element_type=\"column\">\n\t\t\t<div class=\"elementor-widget-wrap elementor-element-populated\">\n\t\t\t\t\t\t<div class=\"elementor-element elementor-element-33e7b2f elementor-widget elementor-widget-text-editor\" data-id=\"33e7b2f\" data-element_type=\"widget\" data-widget_type=\"text-editor.default\">\n\t\t\t\t<div class=\"elementor-widget-container\">\n\t\t\t\t\t\t\t\t\t<p>Obera will address your most sophisticated security requirements. Obera\u2019s security operations leadership includes former US Military, Law Enforcement, and Industry experts seasoned in prevention, protection, mitigation, response, and recovery related to security and CIP risks. Obera\u2019s security solutions involves collaboration and cooperation between Obera and our customers for continuous application of improved security and CIP technologies and processes.<\/p>\t\t\t\t\t\t\t\t<\/div>\n\t\t\t\t<\/div>\n\t\t\t\t<div class=\"elementor-element elementor-element-7b312b5 elementor-widget elementor-widget-text-editor\" data-id=\"7b312b5\" data-element_type=\"widget\" data-widget_type=\"text-editor.default\">\n\t\t\t\t<div class=\"elementor-widget-container\">\n\t\t\t\t\t\t\t\t\t<ul><li>Security and Critical Infrastructure Support<\/li><li>Formation<\/li><li>Technology Integration<\/li><\/ul>\t\t\t\t\t\t\t\t<\/div>\n\t\t\t\t<\/div>\n\t\t\t\t\t<\/div>\n\t\t<\/div>\n\t\t\t\t\t<\/div>\n\t\t<\/section>\n\t\t\t\t\t<\/div>\n\t\t<\/div>\n\t\t\t\t\t<\/div>\n\t\t<\/section>\n\t\t\t\t<section class=\"elementor-section elementor-top-section elementor-element elementor-element-72b6bbe elementor-section-boxed elementor-section-height-default elementor-section-height-default\" data-id=\"72b6bbe\" data-element_type=\"section\" data-settings=\"{&quot;jet_parallax_layout_list&quot;:[],&quot;background_background&quot;:&quot;classic&quot;,&quot;shape_divider_top&quot;:&quot;triangle&quot;}\">\n\t\t\t\t\t\t\t<div class=\"elementor-background-overlay\"><\/div>\n\t\t\t\t\t\t<div class=\"elementor-shape elementor-shape-top\" aria-hidden=\"true\" data-negative=\"false\">\n\t\t\t<svg xmlns=\"http:\/\/www.w3.org\/2000\/svg\" viewbox=\"0 0 1000 100\" preserveaspectratio=\"none\">\n\t<path class=\"elementor-shape-fill\" d=\"M500,98.9L0,6.1V0h1000v6.1L500,98.9z\"\/>\n<\/svg>\t\t<\/div>\n\t\t\t\t\t<div class=\"elementor-container elementor-column-gap-no\">\n\t\t\t\t\t<div class=\"elementor-column elementor-col-100 elementor-top-column elementor-element elementor-element-aa3cb51\" data-id=\"aa3cb51\" data-element_type=\"column\">\n\t\t\t<div class=\"elementor-widget-wrap elementor-element-populated\">\n\t\t\t\t\t\t<div class=\"elementor-element elementor-element-9922988 elementor-widget elementor-widget-heading\" data-id=\"9922988\" data-element_type=\"widget\" data-widget_type=\"heading.default\">\n\t\t\t\t<div class=\"elementor-widget-container\">\n\t\t\t\t\t<h2 class=\"elementor-heading-title elementor-size-default\">Performances Ant\u00e9rieures<\/h2>\t\t\t\t<\/div>\n\t\t\t\t<\/div>\n\t\t\t\t<div class=\"elementor-element elementor-element-3e7b941 elementor-widget-divider--view-line elementor-widget elementor-widget-divider\" data-id=\"3e7b941\" data-element_type=\"widget\" data-widget_type=\"divider.default\">\n\t\t\t\t<div class=\"elementor-widget-container\">\n\t\t\t\t\t\t\t<div class=\"elementor-divider\">\n\t\t\t<span class=\"elementor-divider-separator\">\n\t\t\t\t\t\t<\/span>\n\t\t<\/div>\n\t\t\t\t\t\t<\/div>\n\t\t\t\t<\/div>\n\t\t\t\t<div class=\"elementor-element elementor-element-323a792 elementor-widget elementor-widget-text-editor\" data-id=\"323a792\" data-element_type=\"widget\" data-widget_type=\"text-editor.default\">\n\t\t\t\t<div class=\"elementor-widget-container\">\n\t\t\t\t\t\t\t\t\t<ul><li>Services de formation et d\u2019Installation \/ int\u00e9gration de syst\u00e8mes de communications d\u2019US-AFRICOM \u2013 Cameroun, Niger, Nig\u00e9ria<\/li><li>Construction de points de contr\u00f4le\/services au profit des gardes frontali\u00e8res \u2013 Kazakhstan<\/li><li>Soutien aux Formations d\u2019Assistance aux PME du D\u00e9partement d\u2019\u00c9tat Am\u00e9ricain\/Foreign Service Institute- Asie Centrale<\/li><li>Services de formation et d\u2019Installation \/ Int\u00e9gration de syst\u00e8mes de communications \u2013 Turquie<\/li><li>Services ind\u00e9pendants de V\u00e9rification et Validation d\u2019assurance qualit\u00e9 de projets de construction \u2013 Tadjikistan<\/li><li>Soutien Logistique au profit de l\u2019\u00c9quipe R\u00e9gionale de Formation et Interception (RITT) \u2013 Tadjikistan<\/li><li>Services de Traduction au profit de l\u2019\u00c9quipe R\u00e9gionale de Formation et Interception (RITT) \u2013 Tadjikistan<\/li><li>Soutien Logistique au profit de l\u2019\u00c9quipe R\u00e9gionale de Formation et Interception (RITT) Kirghizistan<\/li><li>Conception du Quartier G\u00e9n\u00e9ral de lutte contre les stup\u00e9fiants Pakistan<\/li><li>Soutien de exercice militaire de l\u2019Arm\u00e9e des \u00c9tats-Unis en Afrique (gestion du carburant) \u2013 Nig\u00e9ria<\/li><\/ul>\t\t\t\t\t\t\t\t<\/div>\n\t\t\t\t<\/div>\n\t\t\t\t<div class=\"elementor-element elementor-element-807c651 elementor-widget elementor-widget-spacer\" data-id=\"807c651\" data-element_type=\"widget\" data-widget_type=\"spacer.default\">\n\t\t\t\t<div class=\"elementor-widget-container\">\n\t\t\t\t\t\t\t<div class=\"elementor-spacer\">\n\t\t\t<div class=\"elementor-spacer-inner\"><\/div>\n\t\t<\/div>\n\t\t\t\t\t\t<\/div>\n\t\t\t\t<\/div>\n\t\t\t\t<div class=\"elementor-element elementor-element-412bede elementor-widget__width-initial elementor-hidden-desktop elementor-hidden-tablet elementor-hidden-mobile elementor-widget elementor-widget-button\" data-id=\"412bede\" data-element_type=\"widget\" data-widget_type=\"button.default\">\n\t\t\t\t<div class=\"elementor-widget-container\">\n\t\t\t\t\t\t\t\t\t<div class=\"elementor-button-wrapper\">\n\t\t\t\t\t<a class=\"elementor-button elementor-button-link elementor-size-sm\" href=\"#\">\n\t\t\t\t\t\t<span class=\"elementor-button-content-wrapper\">\n\t\t\t\t\t\t\t\t\t<span class=\"elementor-button-text\">Click here<\/span>\n\t\t\t\t\t<\/span>\n\t\t\t\t\t<\/a>\n\t\t\t\t<\/div>\n\t\t\t\t\t\t\t\t<\/div>\n\t\t\t\t<\/div>\n\t\t\t\t<div class=\"elementor-element elementor-element-f7cce26 elementor-widget__width-initial elementor-hidden-desktop elementor-hidden-tablet elementor-hidden-mobile elementor-widget elementor-widget-button\" data-id=\"f7cce26\" data-element_type=\"widget\" data-widget_type=\"button.default\">\n\t\t\t\t<div class=\"elementor-widget-container\">\n\t\t\t\t\t\t\t\t\t<div class=\"elementor-button-wrapper\">\n\t\t\t\t\t<a class=\"elementor-button elementor-button-link elementor-size-sm\" href=\"#\">\n\t\t\t\t\t\t<span class=\"elementor-button-content-wrapper\">\n\t\t\t\t\t\t\t\t\t<span class=\"elementor-button-text\">Click here<\/span>\n\t\t\t\t\t<\/span>\n\t\t\t\t\t<\/a>\n\t\t\t\t<\/div>\n\t\t\t\t\t\t\t\t<\/div>\n\t\t\t\t<\/div>\n\t\t\t\t\t<\/div>\n\t\t<\/div>\n\t\t\t\t\t<\/div>\n\t\t<\/section>\n\t\t\t\t<\/div>","protected":false},"excerpt":{"rendered":"<p>Obera LLC offers a multitude of security and critical infrastructure protection (CIP) solutions. Our comprehensive offerings include security infrastructure design, installation, and implementation, operational training, and physical security personnel. Obera provides the following expertise in Security Operations Obera will address your most sophisticated security requirements. Obera\u2019s security operations leadership includes former US Military, Law Enforcement, [&hellip;]<\/p>","protected":false},"author":16,"featured_media":117492,"parent":118191,"menu_order":0,"comment_status":"closed","ping_status":"closed","template":"","meta":{"_monsterinsights_skip_tracking":false,"_monsterinsights_sitenote_active":false,"_monsterinsights_sitenote_note":"","_monsterinsights_sitenote_category":0,"site-sidebar-layout":"default","site-content-layout":"default","ast-site-content-layout":"default","site-content-style":"default","site-sidebar-style":"default","ast-global-header-display":"","ast-banner-title-visibility":"","ast-main-header-display":"","ast-hfb-above-header-display":"","ast-hfb-below-header-display":"","ast-hfb-mobile-header-display":"","site-post-title":"","ast-breadcrumbs-content":"","ast-featured-img":"","footer-sml-layout":"","ast-disable-related-posts":"","theme-transparent-header-meta":"default","adv-header-id-meta":null,"stick-header-meta":"default","header-above-stick-meta":"","header-main-stick-meta":"","header-below-stick-meta":"","astra-migrate-meta-layouts":"default","ast-page-background-enabled":"default","ast-page-background-meta":{"desktop":{"background-color":"var(--ast-global-color-4)","background-image":"","background-repeat":"repeat","background-position":"center center","background-size":"auto","background-attachment":"scroll","background-type":"","background-media":"","overlay-type":"","overlay-color":"","overlay-opacity":"","overlay-gradient":""},"tablet":{"background-color":"","background-image":"","background-repeat":"repeat","background-position":"center center","background-size":"auto","background-attachment":"scroll","background-type":"","background-media":"","overlay-type":"","overlay-color":"","overlay-opacity":"","overlay-gradient":""},"mobile":{"background-color":"","background-image":"","background-repeat":"repeat","background-position":"center center","background-size":"auto","background-attachment":"scroll","background-type":"","background-media":"","overlay-type":"","overlay-color":"","overlay-opacity":"","overlay-gradient":""}},"ast-content-background-meta":{"desktop":{"background-color":"var(--ast-global-color-5)","background-image":"","background-repeat":"repeat","background-position":"center center","background-size":"auto","background-attachment":"scroll","background-type":"","background-media":"","overlay-type":"","overlay-color":"","overlay-opacity":"","overlay-gradient":""},"tablet":{"background-color":"var(--ast-global-color-5)","background-image":"","background-repeat":"repeat","background-position":"center center","background-size":"auto","background-attachment":"scroll","background-type":"","background-media":"","overlay-type":"","overlay-color":"","overlay-opacity":"","overlay-gradient":""},"mobile":{"background-color":"var(--ast-global-color-5)","background-image":"","background-repeat":"repeat","background-position":"center center","background-size":"auto","background-attachment":"scroll","background-type":"","background-media":"","overlay-type":"","overlay-color":"","overlay-opacity":"","overlay-gradient":""}},"footnotes":""},"class_list":["post-116007","page","type-page","status-publish","has-post-thumbnail","hentry"],"yoast_head":"<!-- This site is optimized with the Yoast SEO plugin v26.5 - https:\/\/yoast.com\/wordpress\/plugins\/seo\/ -->\n<title>Security Operations - Global Solutions | Obera LLC<\/title>\n<meta name=\"robots\" content=\"index, follow, max-snippet:-1, max-image-preview:large, max-video-preview:-1\" \/>\n<link rel=\"canonical\" href=\"https:\/\/oberallc.com\/fr\/what-we-do\/security-operations\/\" \/>\n<meta property=\"og:locale\" content=\"fr_FR\" \/>\n<meta property=\"og:type\" content=\"article\" \/>\n<meta property=\"og:title\" content=\"Security Operations - Global Solutions | Obera LLC\" \/>\n<meta property=\"og:description\" content=\"Obera LLC offers a multitude of security and critical infrastructure protection (CIP) solutions. Our comprehensive offerings include security infrastructure design, installation, and implementation, operational training, and physical security personnel. Obera provides the following expertise in Security Operations Obera will address your most sophisticated security requirements. Obera\u2019s security operations leadership includes former US Military, Law Enforcement, [&hellip;]\" \/>\n<meta property=\"og:url\" content=\"https:\/\/oberallc.com\/fr\/what-we-do\/security-operations\/\" \/>\n<meta property=\"og:site_name\" content=\"Global Solutions | Obera LLC\" \/>\n<meta property=\"article:modified_time\" content=\"2022-11-18T21:25:36+00:00\" \/>\n<meta property=\"og:image\" content=\"https:\/\/oberallc.com\/wp-content\/uploads\/2020\/08\/OBERA_SECURITY_OPERATIONS.jpg\" \/>\n\t<meta property=\"og:image:width\" content=\"1320\" \/>\n\t<meta property=\"og:image:height\" content=\"264\" \/>\n\t<meta property=\"og:image:type\" content=\"image\/jpeg\" \/>\n<meta name=\"twitter:card\" content=\"summary_large_image\" \/>\n<meta name=\"twitter:label1\" content=\"Dur\u00e9e de lecture estim\u00e9e\" \/>\n\t<meta name=\"twitter:data1\" content=\"1 minute\" \/>\n<script type=\"application\/ld+json\" class=\"yoast-schema-graph\">{\"@context\":\"https:\/\/schema.org\",\"@graph\":[{\"@type\":\"WebPage\",\"@id\":\"https:\/\/oberallc.com\/what-we-do\/security-operations\/\",\"url\":\"https:\/\/oberallc.com\/what-we-do\/security-operations\/\",\"name\":\"Security Operations - Global Solutions | Obera LLC\",\"isPartOf\":{\"@id\":\"https:\/\/oberallc.com\/#website\"},\"primaryImageOfPage\":{\"@id\":\"https:\/\/oberallc.com\/what-we-do\/security-operations\/#primaryimage\"},\"image\":{\"@id\":\"https:\/\/oberallc.com\/what-we-do\/security-operations\/#primaryimage\"},\"thumbnailUrl\":\"https:\/\/oberallc.com\/wp-content\/uploads\/2020\/08\/OBERA_SECURITY_OPERATIONS.jpg\",\"datePublished\":\"2019-05-02T15:57:08+00:00\",\"dateModified\":\"2022-11-18T21:25:36+00:00\",\"breadcrumb\":{\"@id\":\"https:\/\/oberallc.com\/what-we-do\/security-operations\/#breadcrumb\"},\"inLanguage\":\"fr-FR\",\"potentialAction\":[{\"@type\":\"ReadAction\",\"target\":[\"https:\/\/oberallc.com\/what-we-do\/security-operations\/\"]}]},{\"@type\":\"ImageObject\",\"inLanguage\":\"fr-FR\",\"@id\":\"https:\/\/oberallc.com\/what-we-do\/security-operations\/#primaryimage\",\"url\":\"https:\/\/oberallc.com\/wp-content\/uploads\/2020\/08\/OBERA_SECURITY_OPERATIONS.jpg\",\"contentUrl\":\"https:\/\/oberallc.com\/wp-content\/uploads\/2020\/08\/OBERA_SECURITY_OPERATIONS.jpg\",\"width\":1320,\"height\":264},{\"@type\":\"BreadcrumbList\",\"@id\":\"https:\/\/oberallc.com\/what-we-do\/security-operations\/#breadcrumb\",\"itemListElement\":[{\"@type\":\"ListItem\",\"position\":1,\"name\":\"Home\",\"item\":\"https:\/\/oberallc.com\/fr\/\"},{\"@type\":\"ListItem\",\"position\":2,\"name\":\"What We Do\",\"item\":\"https:\/\/oberallc.com\/fr\/what-we-do\/\"},{\"@type\":\"ListItem\",\"position\":3,\"name\":\"Security Operations\"}]},{\"@type\":\"WebSite\",\"@id\":\"https:\/\/oberallc.com\/#website\",\"url\":\"https:\/\/oberallc.com\/\",\"name\":\"Global Solutions | Obera LLC\",\"description\":\"Delivering Solutions\",\"potentialAction\":[{\"@type\":\"SearchAction\",\"target\":{\"@type\":\"EntryPoint\",\"urlTemplate\":\"https:\/\/oberallc.com\/?s={search_term_string}\"},\"query-input\":{\"@type\":\"PropertyValueSpecification\",\"valueRequired\":true,\"valueName\":\"search_term_string\"}}],\"inLanguage\":\"fr-FR\"}]}<\/script>\n<!-- \/ Yoast SEO plugin. -->","yoast_head_json":{"title":"Security Operations - Global Solutions | Obera LLC","robots":{"index":"index","follow":"follow","max-snippet":"max-snippet:-1","max-image-preview":"max-image-preview:large","max-video-preview":"max-video-preview:-1"},"canonical":"https:\/\/oberallc.com\/fr\/what-we-do\/security-operations\/","og_locale":"fr_FR","og_type":"article","og_title":"Security Operations - Global Solutions | Obera LLC","og_description":"Obera LLC offers a multitude of security and critical infrastructure protection (CIP) solutions. Our comprehensive offerings include security infrastructure design, installation, and implementation, operational training, and physical security personnel. Obera provides the following expertise in Security Operations Obera will address your most sophisticated security requirements. Obera\u2019s security operations leadership includes former US Military, Law Enforcement, [&hellip;]","og_url":"https:\/\/oberallc.com\/fr\/what-we-do\/security-operations\/","og_site_name":"Global Solutions | Obera LLC","article_modified_time":"2022-11-18T21:25:36+00:00","og_image":[{"width":1320,"height":264,"url":"https:\/\/oberallc.com\/wp-content\/uploads\/2020\/08\/OBERA_SECURITY_OPERATIONS.jpg","type":"image\/jpeg"}],"twitter_card":"summary_large_image","twitter_misc":{"Dur\u00e9e de lecture estim\u00e9e":"1 minute"},"schema":{"@context":"https:\/\/schema.org","@graph":[{"@type":"WebPage","@id":"https:\/\/oberallc.com\/what-we-do\/security-operations\/","url":"https:\/\/oberallc.com\/what-we-do\/security-operations\/","name":"Security Operations - Global Solutions | Obera LLC","isPartOf":{"@id":"https:\/\/oberallc.com\/#website"},"primaryImageOfPage":{"@id":"https:\/\/oberallc.com\/what-we-do\/security-operations\/#primaryimage"},"image":{"@id":"https:\/\/oberallc.com\/what-we-do\/security-operations\/#primaryimage"},"thumbnailUrl":"https:\/\/oberallc.com\/wp-content\/uploads\/2020\/08\/OBERA_SECURITY_OPERATIONS.jpg","datePublished":"2019-05-02T15:57:08+00:00","dateModified":"2022-11-18T21:25:36+00:00","breadcrumb":{"@id":"https:\/\/oberallc.com\/what-we-do\/security-operations\/#breadcrumb"},"inLanguage":"fr-FR","potentialAction":[{"@type":"ReadAction","target":["https:\/\/oberallc.com\/what-we-do\/security-operations\/"]}]},{"@type":"ImageObject","inLanguage":"fr-FR","@id":"https:\/\/oberallc.com\/what-we-do\/security-operations\/#primaryimage","url":"https:\/\/oberallc.com\/wp-content\/uploads\/2020\/08\/OBERA_SECURITY_OPERATIONS.jpg","contentUrl":"https:\/\/oberallc.com\/wp-content\/uploads\/2020\/08\/OBERA_SECURITY_OPERATIONS.jpg","width":1320,"height":264},{"@type":"BreadcrumbList","@id":"https:\/\/oberallc.com\/what-we-do\/security-operations\/#breadcrumb","itemListElement":[{"@type":"ListItem","position":1,"name":"Home","item":"https:\/\/oberallc.com\/fr\/"},{"@type":"ListItem","position":2,"name":"What We Do","item":"https:\/\/oberallc.com\/fr\/what-we-do\/"},{"@type":"ListItem","position":3,"name":"Security Operations"}]},{"@type":"WebSite","@id":"https:\/\/oberallc.com\/#website","url":"https:\/\/oberallc.com\/","name":"Global Solutions | Obera LLC","description":"Delivering Solutions","potentialAction":[{"@type":"SearchAction","target":{"@type":"EntryPoint","urlTemplate":"https:\/\/oberallc.com\/?s={search_term_string}"},"query-input":{"@type":"PropertyValueSpecification","valueRequired":true,"valueName":"search_term_string"}}],"inLanguage":"fr-FR"}]}},"_hostinger_reach_plugin_has_subscription_block":false,"_hostinger_reach_plugin_is_elementor":false,"_links":{"self":[{"href":"https:\/\/oberallc.com\/fr\/wp-json\/wp\/v2\/pages\/116007","targetHints":{"allow":["GET"]}}],"collection":[{"href":"https:\/\/oberallc.com\/fr\/wp-json\/wp\/v2\/pages"}],"about":[{"href":"https:\/\/oberallc.com\/fr\/wp-json\/wp\/v2\/types\/page"}],"author":[{"embeddable":true,"href":"https:\/\/oberallc.com\/fr\/wp-json\/wp\/v2\/users\/16"}],"replies":[{"embeddable":true,"href":"https:\/\/oberallc.com\/fr\/wp-json\/wp\/v2\/comments?post=116007"}],"version-history":[{"count":0,"href":"https:\/\/oberallc.com\/fr\/wp-json\/wp\/v2\/pages\/116007\/revisions"}],"up":[{"embeddable":true,"href":"https:\/\/oberallc.com\/fr\/wp-json\/wp\/v2\/pages\/118191"}],"wp:featuredmedia":[{"embeddable":true,"href":"https:\/\/oberallc.com\/fr\/wp-json\/wp\/v2\/media\/117492"}],"wp:attachment":[{"href":"https:\/\/oberallc.com\/fr\/wp-json\/wp\/v2\/media?parent=116007"}],"curies":[{"name":"wp","href":"https:\/\/api.w.org\/{rel}","templated":true}]}}