{"id":116013,"date":"2019-05-02T11:57:23","date_gmt":"2019-05-02T15:57:23","guid":{"rendered":"https:\/\/hotpink-leopard-711048.hostingersite.com\/?page_id=116013"},"modified":"2024-06-03T14:38:16","modified_gmt":"2024-06-03T18:38:16","slug":"certifications","status":"publish","type":"page","link":"https:\/\/oberallc.com\/fr\/who-we-are\/certifications\/","title":{"rendered":"Certificats"},"content":{"rendered":"<div data-elementor-type=\"wp-page\" data-elementor-id=\"116013\" class=\"elementor elementor-116013\" data-elementor-post-type=\"page\">\n\t\t\t\t\t\t<section class=\"elementor-section elementor-top-section elementor-element elementor-element-2f3b3bc elementor-section-height-min-height elementor-section-boxed elementor-section-height-default elementor-section-items-middle\" data-id=\"2f3b3bc\" data-element_type=\"section\" data-settings=\"{&quot;jet_parallax_layout_list&quot;:[],&quot;background_background&quot;:&quot;classic&quot;}\">\n\t\t\t\t\t\t\t<div class=\"elementor-background-overlay\"><\/div>\n\t\t\t\t\t\t\t<div class=\"elementor-container elementor-column-gap-default\">\n\t\t\t\t\t<div class=\"elementor-column elementor-col-100 elementor-top-column elementor-element elementor-element-5453c2b\" data-id=\"5453c2b\" data-element_type=\"column\">\n\t\t\t<div class=\"elementor-widget-wrap elementor-element-populated\">\n\t\t\t\t\t\t<div class=\"elementor-element elementor-element-b259f8b elementor-widget elementor-widget-heading\" data-id=\"b259f8b\" data-element_type=\"widget\" data-widget_type=\"heading.default\">\n\t\t\t\t<div class=\"elementor-widget-container\">\n\t\t\t\t\t<h1 class=\"elementor-heading-title elementor-size-default\">Certificats<\/h1>\t\t\t\t<\/div>\n\t\t\t\t<\/div>\n\t\t\t\t\t<\/div>\n\t\t<\/div>\n\t\t\t\t\t<\/div>\n\t\t<\/section>\n\t\t\t\t<section class=\"elementor-section elementor-top-section elementor-element elementor-element-85fb4a7 elementor-section-boxed elementor-section-height-default elementor-section-height-default\" data-id=\"85fb4a7\" data-element_type=\"section\" data-settings=\"{&quot;jet_parallax_layout_list&quot;:[]}\">\n\t\t\t\t\t\t<div class=\"elementor-container elementor-column-gap-default\">\n\t\t\t\t\t<div class=\"elementor-column elementor-col-33 elementor-top-column elementor-element elementor-element-f4b7a96\" data-id=\"f4b7a96\" data-element_type=\"column\">\n\t\t\t<div class=\"elementor-widget-wrap elementor-element-populated\">\n\t\t\t\t\t\t<div class=\"elementor-element elementor-element-ec2ff30 elementor-widget__width-initial elementor-widget-mobile__width-inherit elementor-widget elementor-widget-heading\" data-id=\"ec2ff30\" data-element_type=\"widget\" data-widget_type=\"heading.default\">\n\t\t\t\t<div class=\"elementor-widget-container\">\n\t\t\t\t\t<h2 class=\"elementor-heading-title elementor-size-default\">D\u00e9passer les normes de l'industrie<\/h2>\t\t\t\t<\/div>\n\t\t\t\t<\/div>\n\t\t\t\t<div class=\"elementor-element elementor-element-d521b3a elementor-widget-divider--view-line elementor-widget elementor-widget-divider\" data-id=\"d521b3a\" data-element_type=\"widget\" data-widget_type=\"divider.default\">\n\t\t\t\t<div class=\"elementor-widget-container\">\n\t\t\t\t\t\t\t<div class=\"elementor-divider\">\n\t\t\t<span class=\"elementor-divider-separator\">\n\t\t\t\t\t\t<\/span>\n\t\t<\/div>\n\t\t\t\t\t\t<\/div>\n\t\t\t\t<\/div>\n\t\t\t\t\t<\/div>\n\t\t<\/div>\n\t\t\t\t<div class=\"elementor-column elementor-col-66 elementor-top-column elementor-element elementor-element-7f83eee\" data-id=\"7f83eee\" data-element_type=\"column\">\n\t\t\t<div class=\"elementor-widget-wrap elementor-element-populated\">\n\t\t\t\t\t\t<div class=\"elementor-element elementor-element-67e5b5f elementor-widget elementor-widget-text-editor\" data-id=\"67e5b5f\" data-element_type=\"widget\" data-widget_type=\"text-editor.default\">\n\t\t\t\t<div class=\"elementor-widget-container\">\n\t\t\t\t\t\t\t\t\t<p>Obera is a Small Business Administration (SBA), verified Service Disabled Veteran-Owned Small Business (SDVOSB). Obera\u2019s systems and procedures meet or exceed industry standards. The services that we provide reflect the highest standards of compliance and quality. We strive to follow the laws, regulations and contractual obligations that make up our business relationships \u2013 and focus on implementing quality processes and procedures in order to provide exceptional deliverables.<\/p><p>Obera est enregistr\u00e9e aupr\u00e8s du D\u00e9partement d'\u00c9tat, Direction des contr\u00f4les du commerce de la d\u00e9fense (DDTC), \u00e0 la fois en tant qu'exportateur et courtier. Notre syst\u00e8me comptable est approuv\u00e9 par la Defense Contract Audit Agency et nous permet d'ex\u00e9cuter des contrats \u00e0 frais remboursables ainsi que des contrats de temps et de mat\u00e9riel et d'autres contrats bas\u00e9s sur les co\u00fbts de l'USG. Notre syst\u00e8me de gestion de la qualit\u00e9 (QMS) est enregistr\u00e9 aupr\u00e8s de BSI selon la norme de qualit\u00e9 ISO 9001:2015. L'\u00e9valuation de base d'Obera a \u00e9t\u00e9 soumise dans le syst\u00e8me SPRS (Supplier Performance Risk System) pour NIST SP 800-171. Nous obtiendrons le niveau appropri\u00e9 pour la certification du mod\u00e8le de maturit\u00e9 de la cybers\u00e9curit\u00e9 (CMMC) niveau 2.0 car le cadre est mis en \u0153uvre via le processus d'\u00e9laboration de r\u00e8gles dans la partie 32 du Code of Federal Regulations (CFR) ainsi que dans le Defense Federal Acquisition Regulation Supplement (DFARS) de partie 48 du CFR.<\/p>\t\t\t\t\t\t\t\t<\/div>\n\t\t\t\t<\/div>\n\t\t\t\t\t<\/div>\n\t\t<\/div>\n\t\t\t\t\t<\/div>\n\t\t<\/section>\n\t\t\t\t<section class=\"elementor-section elementor-top-section elementor-element elementor-element-c263fbb elementor-section-content-middle elementor-section-boxed elementor-section-height-default elementor-section-height-default\" data-id=\"c263fbb\" data-element_type=\"section\" data-settings=\"{&quot;jet_parallax_layout_list&quot;:[]}\">\n\t\t\t\t\t\t<div class=\"elementor-container elementor-column-gap-no\">\n\t\t\t\t\t<div class=\"elementor-column elementor-col-100 elementor-top-column elementor-element elementor-element-8a1a55d\" data-id=\"8a1a55d\" data-element_type=\"column\">\n\t\t\t<div class=\"elementor-widget-wrap elementor-element-populated\">\n\t\t\t\t\t\t<div class=\"elementor-element elementor-element-481f283 elementor-widget__width-initial elementor-widget-mobile__width-initial elementor-widget elementor-widget-image\" data-id=\"481f283\" data-element_type=\"widget\" data-widget_type=\"image.default\">\n\t\t\t\t<div class=\"elementor-widget-container\">\n\t\t\t\t\t\t\t\t\t\t\t\t\t\t\t<img fetchpriority=\"high\" decoding=\"async\" width=\"712\" height=\"400\" src=\"https:\/\/oberallc.com\/wp-content\/uploads\/2022\/04\/BSI.jpg\" class=\"attachment-full size-full wp-image-118658\" alt=\"\" \/>\t\t\t\t\t\t\t\t\t\t\t\t\t\t\t<\/div>\n\t\t\t\t<\/div>\n\t\t\t\t<div class=\"elementor-element elementor-element-088b7da elementor-widget__width-initial elementor-widget-mobile__width-initial elementor-widget elementor-widget-image\" data-id=\"088b7da\" data-element_type=\"widget\" data-widget_type=\"image.default\">\n\t\t\t\t<div class=\"elementor-widget-container\">\n\t\t\t\t\t\t\t\t\t\t\t\t\t\t\t<img decoding=\"async\" width=\"220\" height=\"106\" data-src=\"https:\/\/oberallc.com\/wp-content\/uploads\/2022\/04\/nist.png\" class=\"attachment-full size-full wp-image-118664 lazyload\" alt=\"\" src=\"data:image\/svg+xml;base64,PHN2ZyB3aWR0aD0iMSIgaGVpZ2h0PSIxIiB4bWxucz0iaHR0cDovL3d3dy53My5vcmcvMjAwMC9zdmciPjwvc3ZnPg==\" style=\"--smush-placeholder-width: 220px; --smush-placeholder-aspect-ratio: 220\/106;\" \/>\t\t\t\t\t\t\t\t\t\t\t\t\t\t\t<\/div>\n\t\t\t\t<\/div>\n\t\t\t\t<div class=\"elementor-element elementor-element-69cf858 elementor-widget__width-initial elementor-widget-mobile__width-initial elementor-widget elementor-widget-image\" data-id=\"69cf858\" data-element_type=\"widget\" data-widget_type=\"image.default\">\n\t\t\t\t<div class=\"elementor-widget-container\">\n\t\t\t\t\t\t\t\t\t\t\t\t\t\t\t<img decoding=\"async\" width=\"304\" height=\"64\" data-src=\"https:\/\/oberallc.com\/wp-content\/uploads\/2022\/04\/dod.jpg\" class=\"attachment-full size-full wp-image-118661 lazyload\" alt=\"\" src=\"data:image\/svg+xml;base64,PHN2ZyB3aWR0aD0iMSIgaGVpZ2h0PSIxIiB4bWxucz0iaHR0cDovL3d3dy53My5vcmcvMjAwMC9zdmciPjwvc3ZnPg==\" style=\"--smush-placeholder-width: 304px; --smush-placeholder-aspect-ratio: 304\/64;\" \/>\t\t\t\t\t\t\t\t\t\t\t\t\t\t\t<\/div>\n\t\t\t\t<\/div>\n\t\t\t\t<div class=\"elementor-element elementor-element-6bda423 elementor-widget__width-initial elementor-widget-mobile__width-initial elementor-widget elementor-widget-image\" data-id=\"6bda423\" data-element_type=\"widget\" data-widget_type=\"image.default\">\n\t\t\t\t<div class=\"elementor-widget-container\">\n\t\t\t\t\t\t\t\t\t\t\t\t\t\t\t<img decoding=\"async\" width=\"1210\" height=\"1513\" data-src=\"https:\/\/oberallc.com\/wp-content\/uploads\/2022\/09\/service-disabled-veteran-owned-certified-2.png\" class=\"attachment-full size-full wp-image-124104 lazyload\" alt=\"\" src=\"data:image\/svg+xml;base64,PHN2ZyB3aWR0aD0iMSIgaGVpZ2h0PSIxIiB4bWxucz0iaHR0cDovL3d3dy53My5vcmcvMjAwMC9zdmciPjwvc3ZnPg==\" style=\"--smush-placeholder-width: 1210px; --smush-placeholder-aspect-ratio: 1210\/1513;\" \/>\t\t\t\t\t\t\t\t\t\t\t\t\t\t\t<\/div>\n\t\t\t\t<\/div>\n\t\t\t\t<div class=\"elementor-element elementor-element-99319d6 elementor-widget__width-initial elementor-widget-mobile__width-initial elementor-widget elementor-widget-image\" data-id=\"99319d6\" data-element_type=\"widget\" data-widget_type=\"image.default\">\n\t\t\t\t<div class=\"elementor-widget-container\">\n\t\t\t\t\t\t\t\t\t\t\t\t\t\t\t<img decoding=\"async\" width=\"674\" height=\"290\" data-src=\"https:\/\/oberallc.com\/wp-content\/uploads\/2021\/11\/itar-logo@2x.png\" class=\"attachment-full size-full wp-image-117994 lazyload\" alt=\"\" src=\"data:image\/svg+xml;base64,PHN2ZyB3aWR0aD0iMSIgaGVpZ2h0PSIxIiB4bWxucz0iaHR0cDovL3d3dy53My5vcmcvMjAwMC9zdmciPjwvc3ZnPg==\" style=\"--smush-placeholder-width: 674px; --smush-placeholder-aspect-ratio: 674\/290;\" \/>\t\t\t\t\t\t\t\t\t\t\t\t\t\t\t<\/div>\n\t\t\t\t<\/div>\n\t\t\t\t\t<\/div>\n\t\t<\/div>\n\t\t\t\t\t<\/div>\n\t\t<\/section>\n\t\t\t\t<\/div>","protected":false},"excerpt":{"rendered":"<p>Certifications Exceeding Industry Standards Obera is a Small Business Administration (SBA), verified Service Disabled Veteran-Owned Small Business (SDVOSB). Obera\u2019s systems and procedures meet or exceed industry standards. The services that we provide reflect the highest standards of compliance and quality. We strive to follow the laws, regulations and contractual obligations that make up our business [&hellip;]<\/p>","protected":false},"author":16,"featured_media":116367,"parent":115658,"menu_order":0,"comment_status":"closed","ping_status":"closed","template":"","meta":{"_monsterinsights_skip_tracking":false,"_monsterinsights_sitenote_active":false,"_monsterinsights_sitenote_note":"","_monsterinsights_sitenote_category":0,"site-sidebar-layout":"default","site-content-layout":"default","ast-site-content-layout":"default","site-content-style":"default","site-sidebar-style":"default","ast-global-header-display":"","ast-banner-title-visibility":"","ast-main-header-display":"","ast-hfb-above-header-display":"","ast-hfb-below-header-display":"","ast-hfb-mobile-header-display":"","site-post-title":"","ast-breadcrumbs-content":"","ast-featured-img":"","footer-sml-layout":"","ast-disable-related-posts":"","theme-transparent-header-meta":"default","adv-header-id-meta":null,"stick-header-meta":"default","header-above-stick-meta":"","header-main-stick-meta":"","header-below-stick-meta":"","astra-migrate-meta-layouts":"default","ast-page-background-enabled":"default","ast-page-background-meta":{"desktop":{"background-color":"var(--ast-global-color-4)","background-image":"","background-repeat":"repeat","background-position":"center center","background-size":"auto","background-attachment":"scroll","background-type":"","background-media":"","overlay-type":"","overlay-color":"","overlay-opacity":"","overlay-gradient":""},"tablet":{"background-color":"","background-image":"","background-repeat":"repeat","background-position":"center center","background-size":"auto","background-attachment":"scroll","background-type":"","background-media":"","overlay-type":"","overlay-color":"","overlay-opacity":"","overlay-gradient":""},"mobile":{"background-color":"","background-image":"","background-repeat":"repeat","background-position":"center center","background-size":"auto","background-attachment":"scroll","background-type":"","background-media":"","overlay-type":"","overlay-color":"","overlay-opacity":"","overlay-gradient":""}},"ast-content-background-meta":{"desktop":{"background-color":"var(--ast-global-color-5)","background-image":"","background-repeat":"repeat","background-position":"center center","background-size":"auto","background-attachment":"scroll","background-type":"","background-media":"","overlay-type":"","overlay-color":"","overlay-opacity":"","overlay-gradient":""},"tablet":{"background-color":"var(--ast-global-color-5)","background-image":"","background-repeat":"repeat","background-position":"center center","background-size":"auto","background-attachment":"scroll","background-type":"","background-media":"","overlay-type":"","overlay-color":"","overlay-opacity":"","overlay-gradient":""},"mobile":{"background-color":"var(--ast-global-color-5)","background-image":"","background-repeat":"repeat","background-position":"center center","background-size":"auto","background-attachment":"scroll","background-type":"","background-media":"","overlay-type":"","overlay-color":"","overlay-opacity":"","overlay-gradient":""}},"footnotes":""},"class_list":["post-116013","page","type-page","status-publish","has-post-thumbnail","hentry"],"yoast_head":"<!-- This site is optimized with the Yoast SEO plugin v26.5 - https:\/\/yoast.com\/wordpress\/plugins\/seo\/ -->\n<title>Certifications - Global Solutions | Obera LLC<\/title>\n<meta name=\"robots\" content=\"index, follow, max-snippet:-1, max-image-preview:large, max-video-preview:-1\" \/>\n<link rel=\"canonical\" href=\"https:\/\/oberallc.com\/fr\/who-we-are\/certifications\/\" \/>\n<meta property=\"og:locale\" content=\"fr_FR\" \/>\n<meta property=\"og:type\" content=\"article\" \/>\n<meta property=\"og:title\" content=\"Certifications - Global Solutions | Obera LLC\" \/>\n<meta property=\"og:description\" content=\"Certifications Exceeding Industry Standards Obera is a Small Business Administration (SBA), verified Service Disabled Veteran-Owned Small Business (SDVOSB). Obera\u2019s systems and procedures meet or exceed industry standards. The services that we provide reflect the highest standards of compliance and quality. We strive to follow the laws, regulations and contractual obligations that make up our business [&hellip;]\" \/>\n<meta property=\"og:url\" content=\"https:\/\/oberallc.com\/fr\/who-we-are\/certifications\/\" \/>\n<meta property=\"og:site_name\" content=\"Global Solutions | Obera LLC\" \/>\n<meta property=\"article:modified_time\" content=\"2024-06-03T18:38:16+00:00\" \/>\n<meta property=\"og:image\" content=\"https:\/\/oberallc.com\/wp-content\/uploads\/2019\/05\/Leadership-Featured-Image.jpg\" \/>\n\t<meta property=\"og:image:width\" content=\"1160\" \/>\n\t<meta property=\"og:image:height\" content=\"232\" \/>\n\t<meta property=\"og:image:type\" content=\"image\/jpeg\" \/>\n<meta name=\"twitter:card\" content=\"summary_large_image\" \/>\n<meta name=\"twitter:label1\" content=\"Dur\u00e9e de lecture estim\u00e9e\" \/>\n\t<meta name=\"twitter:data1\" content=\"2 minutes\" \/>\n<script type=\"application\/ld+json\" class=\"yoast-schema-graph\">{\"@context\":\"https:\/\/schema.org\",\"@graph\":[{\"@type\":\"WebPage\",\"@id\":\"https:\/\/oberallc.com\/who-we-are\/certifications\/\",\"url\":\"https:\/\/oberallc.com\/who-we-are\/certifications\/\",\"name\":\"Certifications - Global Solutions | Obera LLC\",\"isPartOf\":{\"@id\":\"https:\/\/oberallc.com\/#website\"},\"primaryImageOfPage\":{\"@id\":\"https:\/\/oberallc.com\/who-we-are\/certifications\/#primaryimage\"},\"image\":{\"@id\":\"https:\/\/oberallc.com\/who-we-are\/certifications\/#primaryimage\"},\"thumbnailUrl\":\"https:\/\/oberallc.com\/wp-content\/uploads\/2019\/05\/Leadership-Featured-Image.jpg\",\"datePublished\":\"2019-05-02T15:57:23+00:00\",\"dateModified\":\"2024-06-03T18:38:16+00:00\",\"breadcrumb\":{\"@id\":\"https:\/\/oberallc.com\/who-we-are\/certifications\/#breadcrumb\"},\"inLanguage\":\"fr-FR\",\"potentialAction\":[{\"@type\":\"ReadAction\",\"target\":[\"https:\/\/oberallc.com\/who-we-are\/certifications\/\"]}]},{\"@type\":\"ImageObject\",\"inLanguage\":\"fr-FR\",\"@id\":\"https:\/\/oberallc.com\/who-we-are\/certifications\/#primaryimage\",\"url\":\"https:\/\/oberallc.com\/wp-content\/uploads\/2019\/05\/Leadership-Featured-Image.jpg\",\"contentUrl\":\"https:\/\/oberallc.com\/wp-content\/uploads\/2019\/05\/Leadership-Featured-Image.jpg\",\"width\":1160,\"height\":232},{\"@type\":\"BreadcrumbList\",\"@id\":\"https:\/\/oberallc.com\/who-we-are\/certifications\/#breadcrumb\",\"itemListElement\":[{\"@type\":\"ListItem\",\"position\":1,\"name\":\"Home\",\"item\":\"https:\/\/oberallc.com\/fr\/\"},{\"@type\":\"ListItem\",\"position\":2,\"name\":\"Who We Are\",\"item\":\"https:\/\/hotpink-leopard-711048.hostingersite.com\/fr\/who-we-are\/\"},{\"@type\":\"ListItem\",\"position\":3,\"name\":\"Certifications\"}]},{\"@type\":\"WebSite\",\"@id\":\"https:\/\/oberallc.com\/#website\",\"url\":\"https:\/\/oberallc.com\/\",\"name\":\"Global Solutions | Obera LLC\",\"description\":\"Delivering Solutions\",\"potentialAction\":[{\"@type\":\"SearchAction\",\"target\":{\"@type\":\"EntryPoint\",\"urlTemplate\":\"https:\/\/oberallc.com\/?s={search_term_string}\"},\"query-input\":{\"@type\":\"PropertyValueSpecification\",\"valueRequired\":true,\"valueName\":\"search_term_string\"}}],\"inLanguage\":\"fr-FR\"}]}<\/script>\n<!-- \/ Yoast SEO plugin. -->","yoast_head_json":{"title":"Certifications - Global Solutions | Obera LLC","robots":{"index":"index","follow":"follow","max-snippet":"max-snippet:-1","max-image-preview":"max-image-preview:large","max-video-preview":"max-video-preview:-1"},"canonical":"https:\/\/oberallc.com\/fr\/who-we-are\/certifications\/","og_locale":"fr_FR","og_type":"article","og_title":"Certifications - Global Solutions | Obera LLC","og_description":"Certifications Exceeding Industry Standards Obera is a Small Business Administration (SBA), verified Service Disabled Veteran-Owned Small Business (SDVOSB). Obera\u2019s systems and procedures meet or exceed industry standards. The services that we provide reflect the highest standards of compliance and quality. We strive to follow the laws, regulations and contractual obligations that make up our business [&hellip;]","og_url":"https:\/\/oberallc.com\/fr\/who-we-are\/certifications\/","og_site_name":"Global Solutions | Obera LLC","article_modified_time":"2024-06-03T18:38:16+00:00","og_image":[{"width":1160,"height":232,"url":"https:\/\/oberallc.com\/wp-content\/uploads\/2019\/05\/Leadership-Featured-Image.jpg","type":"image\/jpeg"}],"twitter_card":"summary_large_image","twitter_misc":{"Dur\u00e9e de lecture estim\u00e9e":"2 minutes"},"schema":{"@context":"https:\/\/schema.org","@graph":[{"@type":"WebPage","@id":"https:\/\/oberallc.com\/who-we-are\/certifications\/","url":"https:\/\/oberallc.com\/who-we-are\/certifications\/","name":"Certifications - Global Solutions | Obera LLC","isPartOf":{"@id":"https:\/\/oberallc.com\/#website"},"primaryImageOfPage":{"@id":"https:\/\/oberallc.com\/who-we-are\/certifications\/#primaryimage"},"image":{"@id":"https:\/\/oberallc.com\/who-we-are\/certifications\/#primaryimage"},"thumbnailUrl":"https:\/\/oberallc.com\/wp-content\/uploads\/2019\/05\/Leadership-Featured-Image.jpg","datePublished":"2019-05-02T15:57:23+00:00","dateModified":"2024-06-03T18:38:16+00:00","breadcrumb":{"@id":"https:\/\/oberallc.com\/who-we-are\/certifications\/#breadcrumb"},"inLanguage":"fr-FR","potentialAction":[{"@type":"ReadAction","target":["https:\/\/oberallc.com\/who-we-are\/certifications\/"]}]},{"@type":"ImageObject","inLanguage":"fr-FR","@id":"https:\/\/oberallc.com\/who-we-are\/certifications\/#primaryimage","url":"https:\/\/oberallc.com\/wp-content\/uploads\/2019\/05\/Leadership-Featured-Image.jpg","contentUrl":"https:\/\/oberallc.com\/wp-content\/uploads\/2019\/05\/Leadership-Featured-Image.jpg","width":1160,"height":232},{"@type":"BreadcrumbList","@id":"https:\/\/oberallc.com\/who-we-are\/certifications\/#breadcrumb","itemListElement":[{"@type":"ListItem","position":1,"name":"Home","item":"https:\/\/oberallc.com\/fr\/"},{"@type":"ListItem","position":2,"name":"Who We Are","item":"https:\/\/hotpink-leopard-711048.hostingersite.com\/fr\/who-we-are\/"},{"@type":"ListItem","position":3,"name":"Certifications"}]},{"@type":"WebSite","@id":"https:\/\/oberallc.com\/#website","url":"https:\/\/oberallc.com\/","name":"Global Solutions | Obera LLC","description":"Delivering Solutions","potentialAction":[{"@type":"SearchAction","target":{"@type":"EntryPoint","urlTemplate":"https:\/\/oberallc.com\/?s={search_term_string}"},"query-input":{"@type":"PropertyValueSpecification","valueRequired":true,"valueName":"search_term_string"}}],"inLanguage":"fr-FR"}]}},"_hostinger_reach_plugin_has_subscription_block":false,"_hostinger_reach_plugin_is_elementor":false,"_links":{"self":[{"href":"https:\/\/oberallc.com\/fr\/wp-json\/wp\/v2\/pages\/116013","targetHints":{"allow":["GET"]}}],"collection":[{"href":"https:\/\/oberallc.com\/fr\/wp-json\/wp\/v2\/pages"}],"about":[{"href":"https:\/\/oberallc.com\/fr\/wp-json\/wp\/v2\/types\/page"}],"author":[{"embeddable":true,"href":"https:\/\/oberallc.com\/fr\/wp-json\/wp\/v2\/users\/16"}],"replies":[{"embeddable":true,"href":"https:\/\/oberallc.com\/fr\/wp-json\/wp\/v2\/comments?post=116013"}],"version-history":[{"count":6,"href":"https:\/\/oberallc.com\/fr\/wp-json\/wp\/v2\/pages\/116013\/revisions"}],"predecessor-version":[{"id":124183,"href":"https:\/\/oberallc.com\/fr\/wp-json\/wp\/v2\/pages\/116013\/revisions\/124183"}],"up":[{"embeddable":true,"href":"https:\/\/oberallc.com\/fr\/wp-json\/wp\/v2\/pages\/115658"}],"wp:featuredmedia":[{"embeddable":true,"href":"https:\/\/oberallc.com\/fr\/wp-json\/wp\/v2\/media\/116367"}],"wp:attachment":[{"href":"https:\/\/oberallc.com\/fr\/wp-json\/wp\/v2\/media?parent=116013"}],"curies":[{"name":"wp","href":"https:\/\/api.w.org\/{rel}","templated":true}]}}